{"id":1334,"date":"2023-08-29T18:04:53","date_gmt":"2023-08-29T18:04:53","guid":{"rendered":"http:\/\/grupovastuu.com\/?page_id=1334"},"modified":"2023-08-29T18:06:40","modified_gmt":"2023-08-29T18:06:40","slug":"departamento-los-reyes-coyoacan","status":"publish","type":"page","link":"https:\/\/grupovastuu.com\/?page_id=1334","title":{"rendered":"Departamento Los Reyes Coyoac\u00e1n"},"content":{"rendered":"\t\t<div data-elementor-type=\"wp-page\" data-elementor-id=\"1334\" class=\"elementor elementor-1334\">\n\t\t\t\t\t\t<section class=\"elementor-section elementor-top-section elementor-element elementor-element-88b5278 elementor-section-height-min-height elementor-section-boxed elementor-section-height-default elementor-section-items-middle\" data-id=\"88b5278\" data-element_type=\"section\" data-e-type=\"section\">\n\t\t\t\t\t\t<div class=\"elementor-container elementor-column-gap-default\">\n\t\t\t\t\t<div class=\"elementor-column elementor-col-50 elementor-top-column elementor-element elementor-element-d8196d8\" data-id=\"d8196d8\" data-element_type=\"column\" data-e-type=\"column\">\n\t\t\t<div class=\"elementor-widget-wrap elementor-element-populated\">\n\t\t\t\t\t\t<div class=\"elementor-element elementor-element-cf04713 elementor-widget elementor-widget-image\" data-id=\"cf04713\" data-element_type=\"widget\" data-e-type=\"widget\" data-widget_type=\"image.default\">\n\t\t\t\t<div class=\"elementor-widget-container\">\n\t\t\t\t\t\t\t\t\t\t\t\t\t\t\t\t<a href=\"http:\/\/grupovastuu.com\">\n\t\t\t\t\t\t\t<img fetchpriority=\"high\" decoding=\"async\" width=\"580\" height=\"580\" src=\"https:\/\/grupovastuu.com\/wp-content\/uploads\/2021\/10\/GV_DORADO-2.png\" class=\"attachment-large size-large wp-image-521\" alt=\"\" srcset=\"https:\/\/grupovastuu.com\/wp-content\/uploads\/2021\/10\/GV_DORADO-2.png 800w, https:\/\/grupovastuu.com\/wp-content\/uploads\/2021\/10\/GV_DORADO-2-300x300.png 300w, https:\/\/grupovastuu.com\/wp-content\/uploads\/2021\/10\/GV_DORADO-2-150x150.png 150w, https:\/\/grupovastuu.com\/wp-content\/uploads\/2021\/10\/GV_DORADO-2-768x768.png 768w\" sizes=\"(max-width: 580px) 100vw, 580px\" \/>\t\t\t\t\t\t\t\t<\/a>\n\t\t\t\t\t\t\t\t\t\t\t\t\t\t\t<\/div>\n\t\t\t\t<\/div>\n\t\t\t\t\t<\/div>\n\t\t<\/div>\n\t\t\t\t<div class=\"elementor-column elementor-col-50 elementor-top-column elementor-element elementor-element-9c69971\" data-id=\"9c69971\" data-element_type=\"column\" data-e-type=\"column\">\n\t\t\t<div class=\"elementor-widget-wrap elementor-element-populated\">\n\t\t\t\t\t\t<div class=\"elementor-element elementor-element-56f5c00 elementor-nav-menu__align-justify elementor-nav-menu--dropdown-tablet elementor-nav-menu__text-align-aside elementor-nav-menu--toggle elementor-nav-menu--burger elementor-widget elementor-widget-nav-menu\" data-id=\"56f5c00\" data-element_type=\"widget\" data-e-type=\"widget\" data-settings=\"{&quot;layout&quot;:&quot;horizontal&quot;,&quot;submenu_icon&quot;:{&quot;value&quot;:&quot;&lt;i class=\\&quot;fas fa-caret-down\\&quot;&gt;&lt;\\\/i&gt;&quot;,&quot;library&quot;:&quot;fa-solid&quot;},&quot;toggle&quot;:&quot;burger&quot;}\" data-widget_type=\"nav-menu.default\">\n\t\t\t\t<div class=\"elementor-widget-container\">\n\t\t\t\t\t\t\t\t<nav migration_allowed=\"1\" migrated=\"0\" role=\"navigation\" class=\"elementor-nav-menu--main elementor-nav-menu__container elementor-nav-menu--layout-horizontal e--pointer-underline e--animation-fade\">\n\t\t\t\t<ul id=\"menu-1-56f5c00\" class=\"elementor-nav-menu\"><li class=\"menu-item menu-item-type-post_type menu-item-object-page menu-item-home menu-item-824\"><a href=\"https:\/\/grupovastuu.com\/\" class=\"elementor-item\">Inicio<\/a><\/li>\n<li class=\"menu-item menu-item-type-post_type menu-item-object-page menu-item-831\"><a href=\"https:\/\/grupovastuu.com\/?page_id=79\" class=\"elementor-item\">Nosotros<\/a><\/li>\n<li class=\"menu-item menu-item-type-post_type menu-item-object-page menu-item-has-children menu-item-829\"><a href=\"https:\/\/grupovastuu.com\/?page_id=97\" class=\"elementor-item\">Desarrollos<\/a>\n<ul class=\"sub-menu elementor-nav-menu--dropdown\">\n\t<li class=\"menu-item menu-item-type-post_type menu-item-object-page menu-item-825\"><a href=\"https:\/\/grupovastuu.com\/?page_id=122\" class=\"elementor-sub-item\">Casas<\/a><\/li>\n\t<li class=\"menu-item menu-item-type-post_type menu-item-object-page menu-item-828\"><a href=\"https:\/\/grupovastuu.com\/?page_id=124\" class=\"elementor-sub-item\">Departamentos<\/a><\/li>\n\t<li class=\"menu-item menu-item-type-post_type menu-item-object-page menu-item-830\"><a href=\"https:\/\/grupovastuu.com\/?page_id=446\" class=\"elementor-sub-item\">Residencias Estudiantiles<\/a><\/li>\n\t<li class=\"menu-item menu-item-type-post_type menu-item-object-page menu-item-832\"><a href=\"https:\/\/grupovastuu.com\/?page_id=126\" class=\"elementor-sub-item\">Oficinas<\/a><\/li>\n\t<li class=\"menu-item menu-item-type-post_type menu-item-object-page menu-item-1687\"><a href=\"https:\/\/grupovastuu.com\/?page_id=1661\" class=\"elementor-sub-item\">Oportunidades de Inversi\u00f3n<\/a><\/li>\n<\/ul>\n<\/li>\n<li class=\"menu-item menu-item-type-post_type menu-item-object-page menu-item-826\"><a href=\"https:\/\/grupovastuu.com\/?page_id=130\" class=\"elementor-item\">Ciudades<\/a><\/li>\n<li class=\"menu-item menu-item-type-post_type menu-item-object-page menu-item-827\"><a href=\"https:\/\/grupovastuu.com\/?page_id=132\" class=\"elementor-item\">Contacto<\/a><\/li>\n<\/ul>\t\t\t<\/nav>\n\t\t\t\t\t<div class=\"elementor-menu-toggle\" role=\"button\" tabindex=\"0\" aria-label=\"Menu Toggle\" aria-expanded=\"false\">\n\t\t\t<i aria-hidden=\"true\" role=\"presentation\" class=\"elementor-menu-toggle__icon--open eicon-menu-bar\"><\/i><i aria-hidden=\"true\" role=\"presentation\" class=\"elementor-menu-toggle__icon--close eicon-close\"><\/i>\t\t\t<span class=\"elementor-screen-only\">Menu<\/span>\n\t\t<\/div>\n\t\t\t<nav class=\"elementor-nav-menu--dropdown elementor-nav-menu__container\" role=\"navigation\" aria-hidden=\"true\">\n\t\t\t\t<ul id=\"menu-2-56f5c00\" class=\"elementor-nav-menu\"><li class=\"menu-item menu-item-type-post_type menu-item-object-page menu-item-home menu-item-824\"><a href=\"https:\/\/grupovastuu.com\/\" class=\"elementor-item\" tabindex=\"-1\">Inicio<\/a><\/li>\n<li class=\"menu-item menu-item-type-post_type menu-item-object-page menu-item-831\"><a href=\"https:\/\/grupovastuu.com\/?page_id=79\" class=\"elementor-item\" tabindex=\"-1\">Nosotros<\/a><\/li>\n<li class=\"menu-item menu-item-type-post_type menu-item-object-page menu-item-has-children menu-item-829\"><a href=\"https:\/\/grupovastuu.com\/?page_id=97\" class=\"elementor-item\" tabindex=\"-1\">Desarrollos<\/a>\n<ul class=\"sub-menu elementor-nav-menu--dropdown\">\n\t<li class=\"menu-item menu-item-type-post_type menu-item-object-page menu-item-825\"><a href=\"https:\/\/grupovastuu.com\/?page_id=122\" class=\"elementor-sub-item\" tabindex=\"-1\">Casas<\/a><\/li>\n\t<li class=\"menu-item menu-item-type-post_type menu-item-object-page menu-item-828\"><a href=\"https:\/\/grupovastuu.com\/?page_id=124\" class=\"elementor-sub-item\" tabindex=\"-1\">Departamentos<\/a><\/li>\n\t<li class=\"menu-item menu-item-type-post_type menu-item-object-page menu-item-830\"><a href=\"https:\/\/grupovastuu.com\/?page_id=446\" class=\"elementor-sub-item\" tabindex=\"-1\">Residencias Estudiantiles<\/a><\/li>\n\t<li class=\"menu-item menu-item-type-post_type menu-item-object-page menu-item-832\"><a href=\"https:\/\/grupovastuu.com\/?page_id=126\" class=\"elementor-sub-item\" tabindex=\"-1\">Oficinas<\/a><\/li>\n\t<li class=\"menu-item menu-item-type-post_type menu-item-object-page menu-item-1687\"><a href=\"https:\/\/grupovastuu.com\/?page_id=1661\" class=\"elementor-sub-item\" tabindex=\"-1\">Oportunidades de Inversi\u00f3n<\/a><\/li>\n<\/ul>\n<\/li>\n<li class=\"menu-item menu-item-type-post_type menu-item-object-page menu-item-826\"><a href=\"https:\/\/grupovastuu.com\/?page_id=130\" class=\"elementor-item\" tabindex=\"-1\">Ciudades<\/a><\/li>\n<li class=\"menu-item menu-item-type-post_type menu-item-object-page menu-item-827\"><a href=\"https:\/\/grupovastuu.com\/?page_id=132\" class=\"elementor-item\" tabindex=\"-1\">Contacto<\/a><\/li>\n<\/ul>\t\t\t<\/nav>\n\t\t\t\t\t\t<\/div>\n\t\t\t\t<\/div>\n\t\t\t\t\t<\/div>\n\t\t<\/div>\n\t\t\t\t\t<\/div>\n\t\t<\/section>\n\t\t\t\t<section class=\"elementor-section elementor-top-section elementor-element elementor-element-1ccd3fb elementor-section-boxed elementor-section-height-default elementor-section-height-default\" data-id=\"1ccd3fb\" data-element_type=\"section\" data-e-type=\"section\">\n\t\t\t\t\t\t<div class=\"elementor-container elementor-column-gap-default\">\n\t\t\t\t\t<div class=\"elementor-column elementor-col-100 elementor-top-column elementor-element elementor-element-325d9ed\" data-id=\"325d9ed\" data-element_type=\"column\" data-e-type=\"column\">\n\t\t\t<div class=\"elementor-widget-wrap elementor-element-populated\">\n\t\t\t\t\t\t<div class=\"elementor-element elementor-element-bde5d32 elementor-widget elementor-widget-heading\" data-id=\"bde5d32\" data-element_type=\"widget\" data-e-type=\"widget\" data-widget_type=\"heading.default\">\n\t\t\t\t<div class=\"elementor-widget-container\">\n\t\t\t\t\t<h2 class=\"elementor-heading-title elementor-size-default\">Departamento Col. Los Reyes Coyoac\u00e1n<\/h2>\t\t\t\t<\/div>\n\t\t\t\t<\/div>\n\t\t\t\t\t<\/div>\n\t\t<\/div>\n\t\t\t\t\t<\/div>\n\t\t<\/section>\n\t\t\t\t<section class=\"elementor-section elementor-top-section elementor-element elementor-element-3b1e196 elementor-section-boxed elementor-section-height-default elementor-section-height-default\" data-id=\"3b1e196\" data-element_type=\"section\" data-e-type=\"section\">\n\t\t\t\t\t\t<div class=\"elementor-container elementor-column-gap-default\">\n\t\t\t\t\t<div class=\"elementor-column elementor-col-100 elementor-top-column elementor-element elementor-element-2c60f35\" data-id=\"2c60f35\" data-element_type=\"column\" data-e-type=\"column\">\n\t\t\t<div class=\"elementor-widget-wrap elementor-element-populated\">\n\t\t\t\t\t\t<div class=\"elementor-element elementor-element-678cf4e elementor-widget elementor-widget-text-editor\" data-id=\"678cf4e\" data-element_type=\"widget\" data-e-type=\"widget\" data-widget_type=\"text-editor.default\">\n\t\t\t\t<div class=\"elementor-widget-container\">\n\t\t\t\t\t\t\t\t\t<p><span lang=\"ES\">Departamento Col. Los reyes Coyoac\u00e1n<\/span><\/p><p>Semiamueblado (opcional)<\/p><p><span lang=\"ES\">Recamaras: 3<\/span><\/p><p><span lang=\"ES\">M2: 90<\/span><\/p><p><span lang=\"ES\">Ba\u00f1os: 1\u00a0 y 1\/2<\/span><\/p><p><span lang=\"ES\">Caj\u00f3n de estacionamiento: 1\u00a0<\/span><\/p><p><span lang=\"ES\">Cocina integral<\/span><\/p><p>Roofgarden<\/p><p>PetFriendly<\/p>\t\t\t\t\t\t\t\t<\/div>\n\t\t\t\t<\/div>\n\t\t\t\t<div class=\"elementor-element elementor-element-89cd371 elementor-widget elementor-widget-text-editor\" data-id=\"89cd371\" data-element_type=\"widget\" data-e-type=\"widget\" data-widget_type=\"text-editor.default\">\n\t\t\t\t<div class=\"elementor-widget-container\">\n\t\t\t\t\t\t\t\t\t<p>Renta<span style=\"font-size: inherit; text-align: inherit; color: var( --e-global-color-secondary ); letter-spacing: -0.015em;\">: $16,000 MXN + Cuota de Mantenimiento<\/span><\/p>\t\t\t\t\t\t\t\t<\/div>\n\t\t\t\t<\/div>\n\t\t\t\t\t<\/div>\n\t\t<\/div>\n\t\t\t\t\t<\/div>\n\t\t<\/section>\n\t\t\t\t<section class=\"elementor-section elementor-top-section elementor-element elementor-element-4552a4f elementor-section-boxed elementor-section-height-default elementor-section-height-default\" data-id=\"4552a4f\" data-element_type=\"section\" data-e-type=\"section\">\n\t\t\t\t\t\t<div class=\"elementor-container elementor-column-gap-default\">\n\t\t\t\t\t<div class=\"elementor-column elementor-col-100 elementor-top-column elementor-element elementor-element-6488781\" data-id=\"6488781\" data-element_type=\"column\" data-e-type=\"column\">\n\t\t\t<div class=\"elementor-widget-wrap elementor-element-populated\">\n\t\t\t\t\t\t<div class=\"elementor-element elementor-element-cd9e880 gallery-spacing-custom elementor-widget elementor-widget-image-gallery\" data-id=\"cd9e880\" data-element_type=\"widget\" data-e-type=\"widget\" data-widget_type=\"image-gallery.default\">\n\t\t\t\t<div class=\"elementor-widget-container\">\n\t\t\t\t\t\t\t<div class=\"elementor-image-gallery\">\n\t\t\t<div id='gallery-1' class='gallery galleryid-1334 gallery-columns-4 gallery-size-onepress-small'><figure class='gallery-item'>\n\t\t\t<div class='gallery-icon landscape'>\n\t\t\t\t<a data-elementor-open-lightbox=\"yes\" data-elementor-lightbox-slideshow=\"cd9e880\" data-elementor-lightbox-title=\"WhatsApp Image 2023-08-28 at 17.05.39 (1)\" data-e-action-hash=\"#elementor-action%3Aaction%3Dlightbox%26settings%3DeyJpZCI6MTMzOCwidXJsIjoiaHR0cHM6XC9cL2dydXBvdmFzdHV1LmNvbVwvd3AtY29udGVudFwvdXBsb2Fkc1wvMjAyM1wvMDhcL1doYXRzQXBwLUltYWdlLTIwMjMtMDgtMjgtYXQtMTcuMDUuMzktMS5qcGVnIiwic2xpZGVzaG93IjoiY2Q5ZTg4MCJ9\" href='https:\/\/grupovastuu.com\/wp-content\/uploads\/2023\/08\/WhatsApp-Image-2023-08-28-at-17.05.39-1.jpeg'><img decoding=\"async\" width=\"1135\" height=\"651\" src=\"https:\/\/grupovastuu.com\/wp-content\/uploads\/2023\/08\/WhatsApp-Image-2023-08-28-at-17.05.39-1.jpeg\" class=\"attachment-onepress-small size-onepress-small\" alt=\"\" srcset=\"https:\/\/grupovastuu.com\/wp-content\/uploads\/2023\/08\/WhatsApp-Image-2023-08-28-at-17.05.39-1.jpeg 1135w, https:\/\/grupovastuu.com\/wp-content\/uploads\/2023\/08\/WhatsApp-Image-2023-08-28-at-17.05.39-1-300x172.jpeg 300w, https:\/\/grupovastuu.com\/wp-content\/uploads\/2023\/08\/WhatsApp-Image-2023-08-28-at-17.05.39-1-1024x587.jpeg 1024w, https:\/\/grupovastuu.com\/wp-content\/uploads\/2023\/08\/WhatsApp-Image-2023-08-28-at-17.05.39-1-768x441.jpeg 768w\" sizes=\"(max-width: 1135px) 100vw, 1135px\" \/><\/a>\n\t\t\t<\/div><\/figure><figure class='gallery-item'>\n\t\t\t<div class='gallery-icon landscape'>\n\t\t\t\t<a data-elementor-open-lightbox=\"yes\" data-elementor-lightbox-slideshow=\"cd9e880\" data-elementor-lightbox-title=\"DEPARTAMENTO LOS REYES COYOACAN (1)\" data-e-action-hash=\"#elementor-action%3Aaction%3Dlightbox%26settings%3DeyJpZCI6MTMzMywidXJsIjoiaHR0cHM6XC9cL2dydXBvdmFzdHV1LmNvbVwvd3AtY29udGVudFwvdXBsb2Fkc1wvMjAyM1wvMDhcL0RFUEFSVEFNRU5UTy1MT1MtUkVZRVMtQ09ZT0FDQU4tMS5wbmciLCJzbGlkZXNob3ciOiJjZDllODgwIn0%3D\" href='https:\/\/grupovastuu.com\/wp-content\/uploads\/2023\/08\/DEPARTAMENTO-LOS-REYES-COYOACAN-1.png'><img decoding=\"async\" width=\"768\" height=\"512\" src=\"https:\/\/grupovastuu.com\/wp-content\/uploads\/2023\/08\/DEPARTAMENTO-LOS-REYES-COYOACAN-1.png\" class=\"attachment-onepress-small size-onepress-small\" alt=\"\" srcset=\"https:\/\/grupovastuu.com\/wp-content\/uploads\/2023\/08\/DEPARTAMENTO-LOS-REYES-COYOACAN-1.png 768w, https:\/\/grupovastuu.com\/wp-content\/uploads\/2023\/08\/DEPARTAMENTO-LOS-REYES-COYOACAN-1-300x200.png 300w\" sizes=\"(max-width: 768px) 100vw, 768px\" \/><\/a>\n\t\t\t<\/div><\/figure><figure class='gallery-item'>\n\t\t\t<div class='gallery-icon landscape'>\n\t\t\t\t<a data-elementor-open-lightbox=\"yes\" data-elementor-lightbox-slideshow=\"cd9e880\" data-elementor-lightbox-title=\"WhatsApp Image 2023-08-28 at 17.05.39 (2)\" data-e-action-hash=\"#elementor-action%3Aaction%3Dlightbox%26settings%3DeyJpZCI6MTMzOSwidXJsIjoiaHR0cHM6XC9cL2dydXBvdmFzdHV1LmNvbVwvd3AtY29udGVudFwvdXBsb2Fkc1wvMjAyM1wvMDhcL1doYXRzQXBwLUltYWdlLTIwMjMtMDgtMjgtYXQtMTcuMDUuMzktMi5qcGVnIiwic2xpZGVzaG93IjoiY2Q5ZTg4MCJ9\" href='https:\/\/grupovastuu.com\/wp-content\/uploads\/2023\/08\/WhatsApp-Image-2023-08-28-at-17.05.39-2.jpeg'><img loading=\"lazy\" decoding=\"async\" width=\"1200\" height=\"655\" src=\"https:\/\/grupovastuu.com\/wp-content\/uploads\/2023\/08\/WhatsApp-Image-2023-08-28-at-17.05.39-2.jpeg\" class=\"attachment-onepress-small size-onepress-small\" alt=\"\" srcset=\"https:\/\/grupovastuu.com\/wp-content\/uploads\/2023\/08\/WhatsApp-Image-2023-08-28-at-17.05.39-2.jpeg 1200w, https:\/\/grupovastuu.com\/wp-content\/uploads\/2023\/08\/WhatsApp-Image-2023-08-28-at-17.05.39-2-300x164.jpeg 300w, https:\/\/grupovastuu.com\/wp-content\/uploads\/2023\/08\/WhatsApp-Image-2023-08-28-at-17.05.39-2-1024x559.jpeg 1024w, https:\/\/grupovastuu.com\/wp-content\/uploads\/2023\/08\/WhatsApp-Image-2023-08-28-at-17.05.39-2-768x419.jpeg 768w\" sizes=\"(max-width: 1200px) 100vw, 1200px\" \/><\/a>\n\t\t\t<\/div><\/figure><figure class='gallery-item'>\n\t\t\t<div class='gallery-icon landscape'>\n\t\t\t\t<a data-elementor-open-lightbox=\"yes\" data-elementor-lightbox-slideshow=\"cd9e880\" data-elementor-lightbox-title=\"WhatsApp Image 2023-08-28 at 17.05.39 (3)\" data-e-action-hash=\"#elementor-action%3Aaction%3Dlightbox%26settings%3DeyJpZCI6MTM0MCwidXJsIjoiaHR0cHM6XC9cL2dydXBvdmFzdHV1LmNvbVwvd3AtY29udGVudFwvdXBsb2Fkc1wvMjAyM1wvMDhcL1doYXRzQXBwLUltYWdlLTIwMjMtMDgtMjgtYXQtMTcuMDUuMzktMy5qcGVnIiwic2xpZGVzaG93IjoiY2Q5ZTg4MCJ9\" href='https:\/\/grupovastuu.com\/wp-content\/uploads\/2023\/08\/WhatsApp-Image-2023-08-28-at-17.05.39-3.jpeg'><img loading=\"lazy\" decoding=\"async\" width=\"1200\" height=\"653\" src=\"https:\/\/grupovastuu.com\/wp-content\/uploads\/2023\/08\/WhatsApp-Image-2023-08-28-at-17.05.39-3.jpeg\" class=\"attachment-onepress-small size-onepress-small\" alt=\"\" srcset=\"https:\/\/grupovastuu.com\/wp-content\/uploads\/2023\/08\/WhatsApp-Image-2023-08-28-at-17.05.39-3.jpeg 1200w, https:\/\/grupovastuu.com\/wp-content\/uploads\/2023\/08\/WhatsApp-Image-2023-08-28-at-17.05.39-3-300x163.jpeg 300w, https:\/\/grupovastuu.com\/wp-content\/uploads\/2023\/08\/WhatsApp-Image-2023-08-28-at-17.05.39-3-1024x557.jpeg 1024w, https:\/\/grupovastuu.com\/wp-content\/uploads\/2023\/08\/WhatsApp-Image-2023-08-28-at-17.05.39-3-768x418.jpeg 768w\" sizes=\"(max-width: 1200px) 100vw, 1200px\" \/><\/a>\n\t\t\t<\/div><\/figure><figure class='gallery-item'>\n\t\t\t<div class='gallery-icon landscape'>\n\t\t\t\t<a data-elementor-open-lightbox=\"yes\" data-elementor-lightbox-slideshow=\"cd9e880\" data-elementor-lightbox-title=\"WhatsApp Image 2023-08-28 at 17.05.39 (5)\" data-e-action-hash=\"#elementor-action%3Aaction%3Dlightbox%26settings%3DeyJpZCI6MTM0MiwidXJsIjoiaHR0cHM6XC9cL2dydXBvdmFzdHV1LmNvbVwvd3AtY29udGVudFwvdXBsb2Fkc1wvMjAyM1wvMDhcL1doYXRzQXBwLUltYWdlLTIwMjMtMDgtMjgtYXQtMTcuMDUuMzktNS5qcGVnIiwic2xpZGVzaG93IjoiY2Q5ZTg4MCJ9\" href='https:\/\/grupovastuu.com\/wp-content\/uploads\/2023\/08\/WhatsApp-Image-2023-08-28-at-17.05.39-5.jpeg'><img loading=\"lazy\" decoding=\"async\" width=\"1200\" height=\"657\" src=\"https:\/\/grupovastuu.com\/wp-content\/uploads\/2023\/08\/WhatsApp-Image-2023-08-28-at-17.05.39-5.jpeg\" class=\"attachment-onepress-small size-onepress-small\" alt=\"\" srcset=\"https:\/\/grupovastuu.com\/wp-content\/uploads\/2023\/08\/WhatsApp-Image-2023-08-28-at-17.05.39-5.jpeg 1200w, https:\/\/grupovastuu.com\/wp-content\/uploads\/2023\/08\/WhatsApp-Image-2023-08-28-at-17.05.39-5-300x164.jpeg 300w, https:\/\/grupovastuu.com\/wp-content\/uploads\/2023\/08\/WhatsApp-Image-2023-08-28-at-17.05.39-5-1024x561.jpeg 1024w, https:\/\/grupovastuu.com\/wp-content\/uploads\/2023\/08\/WhatsApp-Image-2023-08-28-at-17.05.39-5-768x420.jpeg 768w\" sizes=\"(max-width: 1200px) 100vw, 1200px\" \/><\/a>\n\t\t\t<\/div><\/figure><figure class='gallery-item'>\n\t\t\t<div class='gallery-icon landscape'>\n\t\t\t\t<a data-elementor-open-lightbox=\"yes\" data-elementor-lightbox-slideshow=\"cd9e880\" data-elementor-lightbox-title=\"WhatsApp Image 2023-08-28 at 17.05.39 (4)\" data-e-action-hash=\"#elementor-action%3Aaction%3Dlightbox%26settings%3DeyJpZCI6MTM0MSwidXJsIjoiaHR0cHM6XC9cL2dydXBvdmFzdHV1LmNvbVwvd3AtY29udGVudFwvdXBsb2Fkc1wvMjAyM1wvMDhcL1doYXRzQXBwLUltYWdlLTIwMjMtMDgtMjgtYXQtMTcuMDUuMzktNC0xLmpwZWciLCJzbGlkZXNob3ciOiJjZDllODgwIn0%3D\" href='https:\/\/grupovastuu.com\/wp-content\/uploads\/2023\/08\/WhatsApp-Image-2023-08-28-at-17.05.39-4-1.jpeg'><img loading=\"lazy\" decoding=\"async\" width=\"1200\" height=\"654\" src=\"https:\/\/grupovastuu.com\/wp-content\/uploads\/2023\/08\/WhatsApp-Image-2023-08-28-at-17.05.39-4-1.jpeg\" class=\"attachment-onepress-small size-onepress-small\" alt=\"\" srcset=\"https:\/\/grupovastuu.com\/wp-content\/uploads\/2023\/08\/WhatsApp-Image-2023-08-28-at-17.05.39-4-1.jpeg 1200w, https:\/\/grupovastuu.com\/wp-content\/uploads\/2023\/08\/WhatsApp-Image-2023-08-28-at-17.05.39-4-1-300x164.jpeg 300w, https:\/\/grupovastuu.com\/wp-content\/uploads\/2023\/08\/WhatsApp-Image-2023-08-28-at-17.05.39-4-1-1024x558.jpeg 1024w, https:\/\/grupovastuu.com\/wp-content\/uploads\/2023\/08\/WhatsApp-Image-2023-08-28-at-17.05.39-4-1-768x419.jpeg 768w\" sizes=\"(max-width: 1200px) 100vw, 1200px\" \/><\/a>\n\t\t\t<\/div><\/figure>\n\t\t<\/div>\n\t\t<\/div>\n\t\t\t\t\t\t<\/div>\n\t\t\t\t<\/div>\n\t\t\t\t\t<\/div>\n\t\t<\/div>\n\t\t\t\t\t<\/div>\n\t\t<\/section>\n\t\t\t\t<section class=\"elementor-section elementor-top-section elementor-element elementor-element-9755ad6 elementor-section-height-min-height elementor-section-boxed elementor-section-height-default elementor-section-items-middle\" data-id=\"9755ad6\" data-element_type=\"section\" data-e-type=\"section\" data-settings=\"{&quot;background_background&quot;:&quot;classic&quot;}\">\n\t\t\t\t\t\t<div class=\"elementor-container elementor-column-gap-extended\">\n\t\t\t\t\t<div class=\"elementor-column elementor-col-33 elementor-top-column elementor-element elementor-element-30f2065\" data-id=\"30f2065\" data-element_type=\"column\" data-e-type=\"column\">\n\t\t\t<div class=\"elementor-widget-wrap elementor-element-populated\">\n\t\t\t\t\t\t<div class=\"elementor-element elementor-element-3aa0f93 elementor-widget elementor-widget-text-editor\" data-id=\"3aa0f93\" data-element_type=\"widget\" data-e-type=\"widget\" data-widget_type=\"text-editor.default\">\n\t\t\t\t<div class=\"elementor-widget-container\">\n\t\t\t\t\t\t\t\t\t<p>OFICINA<\/p>\t\t\t\t\t\t\t\t<\/div>\n\t\t\t\t<\/div>\n\t\t\t\t<div class=\"elementor-element elementor-element-fbfdebe elementor-widget elementor-widget-text-editor\" data-id=\"fbfdebe\" data-element_type=\"widget\" data-e-type=\"widget\" data-widget_type=\"text-editor.default\">\n\t\t\t\t<div class=\"elementor-widget-container\">\n\t\t\t\t\t\t\t\t\t<p>Tel. +52 55-23-08-19-28<\/p><p>Calz. de Tlalpan 1955. despacho 2 y 3.<\/p><p>Col. parque san Andr\u00e9s<br \/>Alcald\u00eda Coyoac\u00e1n C.P. 04040<br \/>Ciudad de M\u00e9xico<\/p>\t\t\t\t\t\t\t\t<\/div>\n\t\t\t\t<\/div>\n\t\t\t\t<div class=\"elementor-element elementor-element-45ad8d0 e-grid-align-left elementor-shape-rounded elementor-grid-0 elementor-widget elementor-widget-social-icons\" data-id=\"45ad8d0\" data-element_type=\"widget\" data-e-type=\"widget\" data-widget_type=\"social-icons.default\">\n\t\t\t\t<div class=\"elementor-widget-container\">\n\t\t\t\t\t\t\t<div class=\"elementor-social-icons-wrapper elementor-grid\" role=\"list\">\n\t\t\t\t\t\t\t<span class=\"elementor-grid-item\" role=\"listitem\">\n\t\t\t\t\t<a class=\"elementor-icon elementor-social-icon elementor-social-icon-facebook elementor-repeater-item-4cfa353\" href=\"https:\/\/www.facebook.com\/GrupoVastuu\" target=\"_blank\">\n\t\t\t\t\t\t<span class=\"elementor-screen-only\">Facebook<\/span>\n\t\t\t\t\t\t<i aria-hidden=\"true\" class=\"fab fa-facebook\"><\/i>\t\t\t\t\t<\/a>\n\t\t\t\t<\/span>\n\t\t\t\t\t\t\t<span class=\"elementor-grid-item\" role=\"listitem\">\n\t\t\t\t\t<a class=\"elementor-icon elementor-social-icon elementor-social-icon-envelope elementor-repeater-item-2d9184f\" target=\"_blank\">\n\t\t\t\t\t\t<span class=\"elementor-screen-only\">Envelope<\/span>\n\t\t\t\t\t\t<i aria-hidden=\"true\" class=\"fas fa-envelope\"><\/i>\t\t\t\t\t<\/a>\n\t\t\t\t<\/span>\n\t\t\t\t\t<\/div>\n\t\t\t\t\t\t<\/div>\n\t\t\t\t<\/div>\n\t\t\t\t\t<\/div>\n\t\t<\/div>\n\t\t\t\t<div class=\"elementor-column elementor-col-33 elementor-top-column elementor-element elementor-element-8e2e926\" data-id=\"8e2e926\" data-element_type=\"column\" data-e-type=\"column\">\n\t\t\t<div class=\"elementor-widget-wrap\">\n\t\t\t\t\t\t\t<\/div>\n\t\t<\/div>\n\t\t\t\t<div class=\"elementor-column elementor-col-33 elementor-top-column elementor-element elementor-element-b4b1def\" data-id=\"b4b1def\" data-element_type=\"column\" data-e-type=\"column\">\n\t\t\t<div class=\"elementor-widget-wrap elementor-element-populated\">\n\t\t\t\t\t\t<div class=\"elementor-element elementor-element-4bd89ae elementor-widget elementor-widget-image\" data-id=\"4bd89ae\" data-element_type=\"widget\" data-e-type=\"widget\" data-widget_type=\"image.default\">\n\t\t\t\t<div class=\"elementor-widget-container\">\n\t\t\t\t\t\t\t\t\t\t\t\t\t\t\t<img loading=\"lazy\" decoding=\"async\" width=\"150\" height=\"150\" src=\"https:\/\/grupovastuu.com\/wp-content\/uploads\/2021\/10\/icono-150x150.png\" class=\"attachment-thumbnail size-thumbnail wp-image-25\" alt=\"\" srcset=\"https:\/\/grupovastuu.com\/wp-content\/uploads\/2021\/10\/icono-150x150.png 150w, https:\/\/grupovastuu.com\/wp-content\/uploads\/2021\/10\/icono-300x300.png 300w, https:\/\/grupovastuu.com\/wp-content\/uploads\/2021\/10\/icono-768x768.png 768w, https:\/\/grupovastuu.com\/wp-content\/uploads\/2021\/10\/icono.png 1000w\" sizes=\"(max-width: 150px) 100vw, 150px\" \/>\t\t\t\t\t\t\t\t\t\t\t\t\t\t\t<\/div>\n\t\t\t\t<\/div>\n\t\t\t\t\t<\/div>\n\t\t<\/div>\n\t\t\t\t\t<\/div>\n\t\t<\/section>\n\t\t\t\t<\/div>\n\t\t","protected":false},"excerpt":{"rendered":"<p>Departamento Col. Los Reyes Coyoac\u00e1n Departamento Col. Los reyes Coyoac\u00e1n Semiamueblado (opcional) Recamaras: 3 M2: 90 Ba\u00f1os: 1\u00a0 y 1\/2 Caj\u00f3n de estacionamiento: 1\u00a0 Cocina integral Roofgarden PetFriendly Renta: $16,000 MXN + Cuota de Mantenimiento OFICINA Tel. +52 55-23-08-19-28 Calz. de Tlalpan 1955. despacho 2 y 3. Col. parque san Andr\u00e9sAlcald\u00eda Coyoac\u00e1n C.P. 04040Ciudad de [&hellip;]<\/p>\n","protected":false},"author":1,"featured_media":0,"parent":0,"menu_order":0,"comment_status":"closed","ping_status":"closed","template":"elementor_canvas","meta":{"footnotes":""},"class_list":["post-1334","page","type-page","status-publish","hentry"],"_links":{"self":[{"href":"https:\/\/grupovastuu.com\/index.php?rest_route=\/wp\/v2\/pages\/1334","targetHints":{"allow":["GET"]}}],"collection":[{"href":"https:\/\/grupovastuu.com\/index.php?rest_route=\/wp\/v2\/pages"}],"about":[{"href":"https:\/\/grupovastuu.com\/index.php?rest_route=\/wp\/v2\/types\/page"}],"author":[{"embeddable":true,"href":"https:\/\/grupovastuu.com\/index.php?rest_route=\/wp\/v2\/users\/1"}],"replies":[{"embeddable":true,"href":"https:\/\/grupovastuu.com\/index.php?rest_route=%2Fwp%2Fv2%2Fcomments&post=1334"}],"version-history":[{"count":6,"href":"https:\/\/grupovastuu.com\/index.php?rest_route=\/wp\/v2\/pages\/1334\/revisions"}],"predecessor-version":[{"id":1348,"href":"https:\/\/grupovastuu.com\/index.php?rest_route=\/wp\/v2\/pages\/1334\/revisions\/1348"}],"wp:attachment":[{"href":"https:\/\/grupovastuu.com\/index.php?rest_route=%2Fwp%2Fv2%2Fmedia&parent=1334"}],"curies":[{"name":"wp","href":"https:\/\/api.w.org\/{rel}","templated":true}]}}