{"id":1661,"date":"2024-12-23T20:07:50","date_gmt":"2024-12-23T20:07:50","guid":{"rendered":"https:\/\/grupovastuu.com\/?page_id=1661"},"modified":"2025-10-16T14:12:51","modified_gmt":"2025-10-16T14:12:51","slug":"oportunidades","status":"publish","type":"page","link":"https:\/\/grupovastuu.com\/?page_id=1661","title":{"rendered":"OPORTUNIDADES"},"content":{"rendered":"\t\t<div data-elementor-type=\"wp-page\" data-elementor-id=\"1661\" class=\"elementor elementor-1661\">\n\t\t\t\t\t\t<section class=\"elementor-section elementor-top-section elementor-element elementor-element-21790f2 elementor-section-height-min-height elementor-section-boxed elementor-section-height-default elementor-section-items-middle\" data-id=\"21790f2\" data-element_type=\"section\" data-e-type=\"section\">\n\t\t\t\t\t\t<div class=\"elementor-container elementor-column-gap-default\">\n\t\t\t\t\t<div class=\"elementor-column elementor-col-50 elementor-top-column elementor-element elementor-element-0d3f14a\" data-id=\"0d3f14a\" data-element_type=\"column\" data-e-type=\"column\">\n\t\t\t<div class=\"elementor-widget-wrap elementor-element-populated\">\n\t\t\t\t\t\t<div class=\"elementor-element elementor-element-79a604a elementor-widget elementor-widget-image\" data-id=\"79a604a\" data-element_type=\"widget\" data-e-type=\"widget\" data-widget_type=\"image.default\">\n\t\t\t\t<div class=\"elementor-widget-container\">\n\t\t\t\t\t\t\t\t\t\t\t\t\t\t\t\t<a href=\"http:\/\/grupovastuu.com\">\n\t\t\t\t\t\t\t<img fetchpriority=\"high\" decoding=\"async\" width=\"580\" height=\"580\" src=\"https:\/\/grupovastuu.com\/wp-content\/uploads\/2021\/10\/GV_DORADO-2.png\" class=\"attachment-large size-large wp-image-521\" alt=\"\" srcset=\"https:\/\/grupovastuu.com\/wp-content\/uploads\/2021\/10\/GV_DORADO-2.png 800w, https:\/\/grupovastuu.com\/wp-content\/uploads\/2021\/10\/GV_DORADO-2-300x300.png 300w, https:\/\/grupovastuu.com\/wp-content\/uploads\/2021\/10\/GV_DORADO-2-150x150.png 150w, https:\/\/grupovastuu.com\/wp-content\/uploads\/2021\/10\/GV_DORADO-2-768x768.png 768w\" sizes=\"(max-width: 580px) 100vw, 580px\" \/>\t\t\t\t\t\t\t\t<\/a>\n\t\t\t\t\t\t\t\t\t\t\t\t\t\t\t<\/div>\n\t\t\t\t<\/div>\n\t\t\t\t\t<\/div>\n\t\t<\/div>\n\t\t\t\t<div class=\"elementor-column elementor-col-50 elementor-top-column elementor-element elementor-element-83b8e1e\" data-id=\"83b8e1e\" data-element_type=\"column\" data-e-type=\"column\">\n\t\t\t<div class=\"elementor-widget-wrap elementor-element-populated\">\n\t\t\t\t\t\t<div class=\"elementor-element elementor-element-c9c41c6 elementor-nav-menu__align-justify elementor-nav-menu--dropdown-tablet elementor-nav-menu__text-align-aside elementor-nav-menu--toggle elementor-nav-menu--burger elementor-widget elementor-widget-nav-menu\" data-id=\"c9c41c6\" data-element_type=\"widget\" data-e-type=\"widget\" data-settings=\"{&quot;layout&quot;:&quot;horizontal&quot;,&quot;submenu_icon&quot;:{&quot;value&quot;:&quot;&lt;i class=\\&quot;fas fa-caret-down\\&quot;&gt;&lt;\\\/i&gt;&quot;,&quot;library&quot;:&quot;fa-solid&quot;},&quot;toggle&quot;:&quot;burger&quot;}\" data-widget_type=\"nav-menu.default\">\n\t\t\t\t<div class=\"elementor-widget-container\">\n\t\t\t\t\t\t\t\t<nav migration_allowed=\"1\" migrated=\"0\" role=\"navigation\" class=\"elementor-nav-menu--main elementor-nav-menu__container elementor-nav-menu--layout-horizontal e--pointer-underline e--animation-fade\">\n\t\t\t\t<ul id=\"menu-1-c9c41c6\" class=\"elementor-nav-menu\"><li class=\"menu-item menu-item-type-post_type menu-item-object-page menu-item-home menu-item-824\"><a href=\"https:\/\/grupovastuu.com\/\" class=\"elementor-item\">Inicio<\/a><\/li>\n<li class=\"menu-item menu-item-type-post_type menu-item-object-page menu-item-831\"><a href=\"https:\/\/grupovastuu.com\/?page_id=79\" class=\"elementor-item\">Nosotros<\/a><\/li>\n<li class=\"menu-item menu-item-type-post_type menu-item-object-page menu-item-has-children menu-item-829\"><a href=\"https:\/\/grupovastuu.com\/?page_id=97\" class=\"elementor-item\">Desarrollos<\/a>\n<ul class=\"sub-menu elementor-nav-menu--dropdown\">\n\t<li class=\"menu-item menu-item-type-post_type menu-item-object-page menu-item-825\"><a href=\"https:\/\/grupovastuu.com\/?page_id=122\" class=\"elementor-sub-item\">Casas<\/a><\/li>\n\t<li class=\"menu-item menu-item-type-post_type menu-item-object-page menu-item-828\"><a href=\"https:\/\/grupovastuu.com\/?page_id=124\" class=\"elementor-sub-item\">Departamentos<\/a><\/li>\n\t<li class=\"menu-item menu-item-type-post_type menu-item-object-page menu-item-830\"><a href=\"https:\/\/grupovastuu.com\/?page_id=446\" class=\"elementor-sub-item\">Residencias Estudiantiles<\/a><\/li>\n\t<li class=\"menu-item menu-item-type-post_type menu-item-object-page menu-item-832\"><a href=\"https:\/\/grupovastuu.com\/?page_id=126\" class=\"elementor-sub-item\">Oficinas<\/a><\/li>\n\t<li class=\"menu-item menu-item-type-post_type menu-item-object-page menu-item-1687\"><a href=\"https:\/\/grupovastuu.com\/?page_id=1661\" class=\"elementor-sub-item\">Oportunidades de Inversi\u00f3n<\/a><\/li>\n<\/ul>\n<\/li>\n<li class=\"menu-item menu-item-type-post_type menu-item-object-page menu-item-826\"><a href=\"https:\/\/grupovastuu.com\/?page_id=130\" class=\"elementor-item\">Ciudades<\/a><\/li>\n<li class=\"menu-item menu-item-type-post_type menu-item-object-page menu-item-827\"><a href=\"https:\/\/grupovastuu.com\/?page_id=132\" class=\"elementor-item\">Contacto<\/a><\/li>\n<\/ul>\t\t\t<\/nav>\n\t\t\t\t\t<div class=\"elementor-menu-toggle\" role=\"button\" tabindex=\"0\" aria-label=\"Menu Toggle\" aria-expanded=\"false\">\n\t\t\t<i aria-hidden=\"true\" role=\"presentation\" class=\"elementor-menu-toggle__icon--open eicon-menu-bar\"><\/i><i aria-hidden=\"true\" role=\"presentation\" class=\"elementor-menu-toggle__icon--close eicon-close\"><\/i>\t\t\t<span class=\"elementor-screen-only\">Menu<\/span>\n\t\t<\/div>\n\t\t\t<nav class=\"elementor-nav-menu--dropdown elementor-nav-menu__container\" role=\"navigation\" aria-hidden=\"true\">\n\t\t\t\t<ul id=\"menu-2-c9c41c6\" class=\"elementor-nav-menu\"><li class=\"menu-item menu-item-type-post_type menu-item-object-page menu-item-home menu-item-824\"><a href=\"https:\/\/grupovastuu.com\/\" class=\"elementor-item\" tabindex=\"-1\">Inicio<\/a><\/li>\n<li class=\"menu-item menu-item-type-post_type menu-item-object-page menu-item-831\"><a href=\"https:\/\/grupovastuu.com\/?page_id=79\" class=\"elementor-item\" tabindex=\"-1\">Nosotros<\/a><\/li>\n<li class=\"menu-item menu-item-type-post_type menu-item-object-page menu-item-has-children menu-item-829\"><a href=\"https:\/\/grupovastuu.com\/?page_id=97\" class=\"elementor-item\" tabindex=\"-1\">Desarrollos<\/a>\n<ul class=\"sub-menu elementor-nav-menu--dropdown\">\n\t<li class=\"menu-item menu-item-type-post_type menu-item-object-page menu-item-825\"><a href=\"https:\/\/grupovastuu.com\/?page_id=122\" class=\"elementor-sub-item\" tabindex=\"-1\">Casas<\/a><\/li>\n\t<li class=\"menu-item menu-item-type-post_type menu-item-object-page menu-item-828\"><a href=\"https:\/\/grupovastuu.com\/?page_id=124\" class=\"elementor-sub-item\" tabindex=\"-1\">Departamentos<\/a><\/li>\n\t<li class=\"menu-item menu-item-type-post_type menu-item-object-page menu-item-830\"><a href=\"https:\/\/grupovastuu.com\/?page_id=446\" class=\"elementor-sub-item\" tabindex=\"-1\">Residencias Estudiantiles<\/a><\/li>\n\t<li class=\"menu-item menu-item-type-post_type menu-item-object-page menu-item-832\"><a href=\"https:\/\/grupovastuu.com\/?page_id=126\" class=\"elementor-sub-item\" tabindex=\"-1\">Oficinas<\/a><\/li>\n\t<li class=\"menu-item menu-item-type-post_type menu-item-object-page menu-item-1687\"><a href=\"https:\/\/grupovastuu.com\/?page_id=1661\" class=\"elementor-sub-item\" tabindex=\"-1\">Oportunidades de Inversi\u00f3n<\/a><\/li>\n<\/ul>\n<\/li>\n<li class=\"menu-item menu-item-type-post_type menu-item-object-page menu-item-826\"><a href=\"https:\/\/grupovastuu.com\/?page_id=130\" class=\"elementor-item\" tabindex=\"-1\">Ciudades<\/a><\/li>\n<li class=\"menu-item menu-item-type-post_type menu-item-object-page menu-item-827\"><a href=\"https:\/\/grupovastuu.com\/?page_id=132\" class=\"elementor-item\" tabindex=\"-1\">Contacto<\/a><\/li>\n<\/ul>\t\t\t<\/nav>\n\t\t\t\t\t\t<\/div>\n\t\t\t\t<\/div>\n\t\t\t\t\t<\/div>\n\t\t<\/div>\n\t\t\t\t\t<\/div>\n\t\t<\/section>\n\t\t\t\t<section class=\"elementor-section elementor-top-section elementor-element elementor-element-a5ccfde elementor-section-height-min-height elementor-section-boxed elementor-section-height-default elementor-section-items-middle\" data-id=\"a5ccfde\" data-element_type=\"section\" data-e-type=\"section\" data-settings=\"{&quot;background_background&quot;:&quot;classic&quot;}\">\n\t\t\t\t\t\t\t<div class=\"elementor-background-overlay\"><\/div>\n\t\t\t\t\t\t\t<div class=\"elementor-container elementor-column-gap-default\">\n\t\t\t\t\t<div class=\"elementor-column elementor-col-100 elementor-top-column elementor-element elementor-element-1bf7a24\" data-id=\"1bf7a24\" data-element_type=\"column\" data-e-type=\"column\">\n\t\t\t<div class=\"elementor-widget-wrap elementor-element-populated\">\n\t\t\t\t\t\t<div class=\"elementor-element elementor-element-aac4007 elementor-widget elementor-widget-heading\" data-id=\"aac4007\" data-element_type=\"widget\" data-e-type=\"widget\" data-widget_type=\"heading.default\">\n\t\t\t\t<div class=\"elementor-widget-container\">\n\t\t\t\t\t<h1 class=\"elementor-heading-title elementor-size-default\">OPORTUNIDADES DE INVERSI\u00d3N<\/h1>\t\t\t\t<\/div>\n\t\t\t\t<\/div>\n\t\t\t\t\t<\/div>\n\t\t<\/div>\n\t\t\t\t\t<\/div>\n\t\t<\/section>\n\t\t\t\t<section class=\"elementor-section elementor-top-section elementor-element elementor-element-b0edf01 elementor-section-boxed elementor-section-height-default elementor-section-height-default\" data-id=\"b0edf01\" data-element_type=\"section\" data-e-type=\"section\" data-settings=\"{&quot;background_background&quot;:&quot;classic&quot;}\">\n\t\t\t\t\t\t<div class=\"elementor-container elementor-column-gap-default\">\n\t\t\t\t\t<div class=\"elementor-column elementor-col-33 elementor-top-column elementor-element elementor-element-2f27d19\" data-id=\"2f27d19\" data-element_type=\"column\" data-e-type=\"column\">\n\t\t\t<div class=\"elementor-widget-wrap elementor-element-populated\">\n\t\t\t\t\t\t<div class=\"elementor-element elementor-element-f128891 elementor-widget elementor-widget-image\" data-id=\"f128891\" data-element_type=\"widget\" data-e-type=\"widget\" data-widget_type=\"image.default\">\n\t\t\t\t<div class=\"elementor-widget-container\">\n\t\t\t\t\t\t\t\t\t\t\t\t<figure class=\"wp-caption\">\n\t\t\t\t\t\t\t\t\t\t\t<a href=\"https:\/\/grupovastuu.com\/?page_id=1675\">\n\t\t\t\t\t\t\t<img decoding=\"async\" width=\"580\" height=\"580\" src=\"https:\/\/grupovastuu.com\/wp-content\/uploads\/2024\/12\/LOCAL-2-1024x1024.png\" class=\"attachment-large size-large wp-image-1688\" alt=\"\" srcset=\"https:\/\/grupovastuu.com\/wp-content\/uploads\/2024\/12\/LOCAL-2-1024x1024.png 1024w, https:\/\/grupovastuu.com\/wp-content\/uploads\/2024\/12\/LOCAL-2-300x300.png 300w, https:\/\/grupovastuu.com\/wp-content\/uploads\/2024\/12\/LOCAL-2-150x150.png 150w, https:\/\/grupovastuu.com\/wp-content\/uploads\/2024\/12\/LOCAL-2-768x768.png 768w, https:\/\/grupovastuu.com\/wp-content\/uploads\/2024\/12\/LOCAL-2.png 1080w\" sizes=\"(max-width: 580px) 100vw, 580px\" \/>\t\t\t\t\t\t\t\t<\/a>\n\t\t\t\t\t\t\t\t\t\t\t<figcaption class=\"widget-image-caption wp-caption-text\">LOCAL CUAUHT\u00c9MOC, INSURGENTES NTE.<\/figcaption>\n\t\t\t\t\t\t\t\t\t\t<\/figure>\n\t\t\t\t\t\t\t\t\t<\/div>\n\t\t\t\t<\/div>\n\t\t\t\t\t<\/div>\n\t\t<\/div>\n\t\t\t\t<div class=\"elementor-column elementor-col-33 elementor-top-column elementor-element elementor-element-3143d15\" data-id=\"3143d15\" data-element_type=\"column\" data-e-type=\"column\">\n\t\t\t<div class=\"elementor-widget-wrap elementor-element-populated\">\n\t\t\t\t\t\t<div class=\"elementor-element elementor-element-c0691ee elementor-widget__width-initial elementor-widget elementor-widget-image\" data-id=\"c0691ee\" data-element_type=\"widget\" data-e-type=\"widget\" data-widget_type=\"image.default\">\n\t\t\t\t<div class=\"elementor-widget-container\">\n\t\t\t\t\t\t\t\t\t\t\t\t<figure class=\"wp-caption\">\n\t\t\t\t\t\t\t\t\t\t\t<a href=\"https:\/\/grupovastuu.com\/?page_id=1830\">\n\t\t\t\t\t\t\t<img decoding=\"async\" width=\"580\" height=\"580\" src=\"https:\/\/grupovastuu.com\/wp-content\/uploads\/2025\/10\/EDIFICIO-2-1024x1024.png\" class=\"attachment-large size-large wp-image-1865\" alt=\"\" srcset=\"https:\/\/grupovastuu.com\/wp-content\/uploads\/2025\/10\/EDIFICIO-2-1024x1024.png 1024w, https:\/\/grupovastuu.com\/wp-content\/uploads\/2025\/10\/EDIFICIO-2-300x300.png 300w, https:\/\/grupovastuu.com\/wp-content\/uploads\/2025\/10\/EDIFICIO-2-150x150.png 150w, https:\/\/grupovastuu.com\/wp-content\/uploads\/2025\/10\/EDIFICIO-2-768x768.png 768w, https:\/\/grupovastuu.com\/wp-content\/uploads\/2025\/10\/EDIFICIO-2.png 1080w\" sizes=\"(max-width: 580px) 100vw, 580px\" \/>\t\t\t\t\t\t\t\t<\/a>\n\t\t\t\t\t\t\t\t\t\t\t<figcaption class=\"widget-image-caption wp-caption-text\">EDIFICIO COYOAC\u00c1N<\/figcaption>\n\t\t\t\t\t\t\t\t\t\t<\/figure>\n\t\t\t\t\t\t\t\t\t<\/div>\n\t\t\t\t<\/div>\n\t\t\t\t\t<\/div>\n\t\t<\/div>\n\t\t\t\t<div class=\"elementor-column elementor-col-33 elementor-top-column elementor-element elementor-element-6e3b82e\" data-id=\"6e3b82e\" data-element_type=\"column\" data-e-type=\"column\">\n\t\t\t<div class=\"elementor-widget-wrap\">\n\t\t\t\t\t\t\t<\/div>\n\t\t<\/div>\n\t\t\t\t\t<\/div>\n\t\t<\/section>\n\t\t\t\t<\/div>\n\t\t","protected":false},"excerpt":{"rendered":"<p>OPORTUNIDADES DE INVERSI\u00d3N LOCAL CUAUHT\u00c9MOC, INSURGENTES NTE. EDIFICIO COYOAC\u00c1N<\/p>\n","protected":false},"author":1,"featured_media":0,"parent":0,"menu_order":0,"comment_status":"closed","ping_status":"closed","template":"elementor_canvas","meta":{"footnotes":""},"class_list":["post-1661","page","type-page","status-publish","hentry"],"_links":{"self":[{"href":"https:\/\/grupovastuu.com\/index.php?rest_route=\/wp\/v2\/pages\/1661","targetHints":{"allow":["GET"]}}],"collection":[{"href":"https:\/\/grupovastuu.com\/index.php?rest_route=\/wp\/v2\/pages"}],"about":[{"href":"https:\/\/grupovastuu.com\/index.php?rest_route=\/wp\/v2\/types\/page"}],"author":[{"embeddable":true,"href":"https:\/\/grupovastuu.com\/index.php?rest_route=\/wp\/v2\/users\/1"}],"replies":[{"embeddable":true,"href":"https:\/\/grupovastuu.com\/index.php?rest_route=%2Fwp%2Fv2%2Fcomments&post=1661"}],"version-history":[{"count":19,"href":"https:\/\/grupovastuu.com\/index.php?rest_route=\/wp\/v2\/pages\/1661\/revisions"}],"predecessor-version":[{"id":1868,"href":"https:\/\/grupovastuu.com\/index.php?rest_route=\/wp\/v2\/pages\/1661\/revisions\/1868"}],"wp:attachment":[{"href":"https:\/\/grupovastuu.com\/index.php?rest_route=%2Fwp%2Fv2%2Fmedia&parent=1661"}],"curies":[{"name":"wp","href":"https:\/\/api.w.org\/{rel}","templated":true}]}}