{"id":321,"date":"2021-10-17T01:37:14","date_gmt":"2021-10-17T01:37:14","guid":{"rendered":"http:\/\/grupovastuu.com\/?page_id=321"},"modified":"2023-05-03T19:28:53","modified_gmt":"2023-05-03T19:28:53","slug":"departamentos-miguel-angel-de-quevedo","status":"publish","type":"page","link":"https:\/\/grupovastuu.com\/?page_id=321","title":{"rendered":"Departamentos Miguel \u00c1ngel de Quevedo"},"content":{"rendered":"\t\t<div data-elementor-type=\"wp-page\" data-elementor-id=\"321\" class=\"elementor elementor-321\">\n\t\t\t\t\t\t<section class=\"elementor-section elementor-top-section elementor-element elementor-element-e945c42 elementor-section-height-min-height elementor-section-boxed elementor-section-height-default elementor-section-items-middle\" data-id=\"e945c42\" data-element_type=\"section\" data-e-type=\"section\">\n\t\t\t\t\t\t<div class=\"elementor-container elementor-column-gap-default\">\n\t\t\t\t\t<div class=\"elementor-column elementor-col-50 elementor-top-column elementor-element elementor-element-f8c1e5a\" data-id=\"f8c1e5a\" data-element_type=\"column\" data-e-type=\"column\">\n\t\t\t<div class=\"elementor-widget-wrap elementor-element-populated\">\n\t\t\t\t\t\t<div class=\"elementor-element elementor-element-97032d0 elementor-widget elementor-widget-image\" data-id=\"97032d0\" data-element_type=\"widget\" data-e-type=\"widget\" data-widget_type=\"image.default\">\n\t\t\t\t<div class=\"elementor-widget-container\">\n\t\t\t\t\t\t\t\t\t\t\t\t\t\t\t\t<a href=\"http:\/\/grupovastuu.com\">\n\t\t\t\t\t\t\t<img fetchpriority=\"high\" decoding=\"async\" width=\"580\" height=\"580\" src=\"https:\/\/grupovastuu.com\/wp-content\/uploads\/2021\/10\/GV_DORADO-2.png\" class=\"attachment-large size-large wp-image-521\" alt=\"\" srcset=\"https:\/\/grupovastuu.com\/wp-content\/uploads\/2021\/10\/GV_DORADO-2.png 800w, https:\/\/grupovastuu.com\/wp-content\/uploads\/2021\/10\/GV_DORADO-2-300x300.png 300w, https:\/\/grupovastuu.com\/wp-content\/uploads\/2021\/10\/GV_DORADO-2-150x150.png 150w, https:\/\/grupovastuu.com\/wp-content\/uploads\/2021\/10\/GV_DORADO-2-768x768.png 768w\" sizes=\"(max-width: 580px) 100vw, 580px\" \/>\t\t\t\t\t\t\t\t<\/a>\n\t\t\t\t\t\t\t\t\t\t\t\t\t\t\t<\/div>\n\t\t\t\t<\/div>\n\t\t\t\t\t<\/div>\n\t\t<\/div>\n\t\t\t\t<div class=\"elementor-column elementor-col-50 elementor-top-column elementor-element elementor-element-4f430e4\" data-id=\"4f430e4\" data-element_type=\"column\" data-e-type=\"column\">\n\t\t\t<div class=\"elementor-widget-wrap elementor-element-populated\">\n\t\t\t\t\t\t<div class=\"elementor-element elementor-element-d247841 elementor-nav-menu__align-justify elementor-nav-menu--dropdown-tablet elementor-nav-menu__text-align-aside elementor-nav-menu--toggle elementor-nav-menu--burger elementor-widget elementor-widget-nav-menu\" data-id=\"d247841\" data-element_type=\"widget\" data-e-type=\"widget\" data-settings=\"{&quot;layout&quot;:&quot;horizontal&quot;,&quot;submenu_icon&quot;:{&quot;value&quot;:&quot;&lt;i class=\\&quot;fas fa-caret-down\\&quot;&gt;&lt;\\\/i&gt;&quot;,&quot;library&quot;:&quot;fa-solid&quot;},&quot;toggle&quot;:&quot;burger&quot;}\" data-widget_type=\"nav-menu.default\">\n\t\t\t\t<div class=\"elementor-widget-container\">\n\t\t\t\t\t\t\t\t<nav migration_allowed=\"1\" migrated=\"0\" role=\"navigation\" class=\"elementor-nav-menu--main elementor-nav-menu__container elementor-nav-menu--layout-horizontal e--pointer-underline e--animation-fade\">\n\t\t\t\t<ul id=\"menu-1-d247841\" class=\"elementor-nav-menu\"><li class=\"menu-item menu-item-type-post_type menu-item-object-page menu-item-home menu-item-824\"><a href=\"https:\/\/grupovastuu.com\/\" class=\"elementor-item\">Inicio<\/a><\/li>\n<li class=\"menu-item menu-item-type-post_type menu-item-object-page menu-item-831\"><a href=\"https:\/\/grupovastuu.com\/?page_id=79\" class=\"elementor-item\">Nosotros<\/a><\/li>\n<li class=\"menu-item menu-item-type-post_type menu-item-object-page menu-item-has-children menu-item-829\"><a href=\"https:\/\/grupovastuu.com\/?page_id=97\" class=\"elementor-item\">Desarrollos<\/a>\n<ul class=\"sub-menu elementor-nav-menu--dropdown\">\n\t<li class=\"menu-item menu-item-type-post_type menu-item-object-page menu-item-825\"><a href=\"https:\/\/grupovastuu.com\/?page_id=122\" class=\"elementor-sub-item\">Casas<\/a><\/li>\n\t<li class=\"menu-item menu-item-type-post_type menu-item-object-page menu-item-828\"><a href=\"https:\/\/grupovastuu.com\/?page_id=124\" class=\"elementor-sub-item\">Departamentos<\/a><\/li>\n\t<li class=\"menu-item menu-item-type-post_type menu-item-object-page menu-item-830\"><a href=\"https:\/\/grupovastuu.com\/?page_id=446\" class=\"elementor-sub-item\">Residencias Estudiantiles<\/a><\/li>\n\t<li class=\"menu-item menu-item-type-post_type menu-item-object-page menu-item-832\"><a href=\"https:\/\/grupovastuu.com\/?page_id=126\" class=\"elementor-sub-item\">Oficinas<\/a><\/li>\n\t<li class=\"menu-item menu-item-type-post_type menu-item-object-page menu-item-1687\"><a href=\"https:\/\/grupovastuu.com\/?page_id=1661\" class=\"elementor-sub-item\">Oportunidades de Inversi\u00f3n<\/a><\/li>\n<\/ul>\n<\/li>\n<li class=\"menu-item menu-item-type-post_type menu-item-object-page menu-item-826\"><a href=\"https:\/\/grupovastuu.com\/?page_id=130\" class=\"elementor-item\">Ciudades<\/a><\/li>\n<li class=\"menu-item menu-item-type-post_type menu-item-object-page menu-item-827\"><a href=\"https:\/\/grupovastuu.com\/?page_id=132\" class=\"elementor-item\">Contacto<\/a><\/li>\n<\/ul>\t\t\t<\/nav>\n\t\t\t\t\t<div class=\"elementor-menu-toggle\" role=\"button\" tabindex=\"0\" aria-label=\"Menu Toggle\" aria-expanded=\"false\">\n\t\t\t<i aria-hidden=\"true\" role=\"presentation\" class=\"elementor-menu-toggle__icon--open eicon-menu-bar\"><\/i><i aria-hidden=\"true\" role=\"presentation\" class=\"elementor-menu-toggle__icon--close eicon-close\"><\/i>\t\t\t<span class=\"elementor-screen-only\">Menu<\/span>\n\t\t<\/div>\n\t\t\t<nav class=\"elementor-nav-menu--dropdown elementor-nav-menu__container\" role=\"navigation\" aria-hidden=\"true\">\n\t\t\t\t<ul id=\"menu-2-d247841\" class=\"elementor-nav-menu\"><li class=\"menu-item menu-item-type-post_type menu-item-object-page menu-item-home menu-item-824\"><a href=\"https:\/\/grupovastuu.com\/\" class=\"elementor-item\" tabindex=\"-1\">Inicio<\/a><\/li>\n<li class=\"menu-item menu-item-type-post_type menu-item-object-page menu-item-831\"><a href=\"https:\/\/grupovastuu.com\/?page_id=79\" class=\"elementor-item\" tabindex=\"-1\">Nosotros<\/a><\/li>\n<li class=\"menu-item menu-item-type-post_type menu-item-object-page menu-item-has-children menu-item-829\"><a href=\"https:\/\/grupovastuu.com\/?page_id=97\" class=\"elementor-item\" tabindex=\"-1\">Desarrollos<\/a>\n<ul class=\"sub-menu elementor-nav-menu--dropdown\">\n\t<li class=\"menu-item menu-item-type-post_type menu-item-object-page menu-item-825\"><a href=\"https:\/\/grupovastuu.com\/?page_id=122\" class=\"elementor-sub-item\" tabindex=\"-1\">Casas<\/a><\/li>\n\t<li class=\"menu-item menu-item-type-post_type menu-item-object-page menu-item-828\"><a href=\"https:\/\/grupovastuu.com\/?page_id=124\" class=\"elementor-sub-item\" tabindex=\"-1\">Departamentos<\/a><\/li>\n\t<li class=\"menu-item menu-item-type-post_type menu-item-object-page menu-item-830\"><a href=\"https:\/\/grupovastuu.com\/?page_id=446\" class=\"elementor-sub-item\" tabindex=\"-1\">Residencias Estudiantiles<\/a><\/li>\n\t<li class=\"menu-item menu-item-type-post_type menu-item-object-page menu-item-832\"><a href=\"https:\/\/grupovastuu.com\/?page_id=126\" class=\"elementor-sub-item\" tabindex=\"-1\">Oficinas<\/a><\/li>\n\t<li class=\"menu-item menu-item-type-post_type menu-item-object-page menu-item-1687\"><a href=\"https:\/\/grupovastuu.com\/?page_id=1661\" class=\"elementor-sub-item\" tabindex=\"-1\">Oportunidades de Inversi\u00f3n<\/a><\/li>\n<\/ul>\n<\/li>\n<li class=\"menu-item menu-item-type-post_type menu-item-object-page menu-item-826\"><a href=\"https:\/\/grupovastuu.com\/?page_id=130\" class=\"elementor-item\" tabindex=\"-1\">Ciudades<\/a><\/li>\n<li class=\"menu-item menu-item-type-post_type menu-item-object-page menu-item-827\"><a href=\"https:\/\/grupovastuu.com\/?page_id=132\" class=\"elementor-item\" tabindex=\"-1\">Contacto<\/a><\/li>\n<\/ul>\t\t\t<\/nav>\n\t\t\t\t\t\t<\/div>\n\t\t\t\t<\/div>\n\t\t\t\t\t<\/div>\n\t\t<\/div>\n\t\t\t\t\t<\/div>\n\t\t<\/section>\n\t\t\t\t<section class=\"elementor-section elementor-top-section elementor-element elementor-element-cf73d7c elementor-section-boxed elementor-section-height-default elementor-section-height-default\" data-id=\"cf73d7c\" data-element_type=\"section\" data-e-type=\"section\">\n\t\t\t\t\t\t<div class=\"elementor-container elementor-column-gap-default\">\n\t\t\t\t\t<div class=\"elementor-column elementor-col-100 elementor-top-column elementor-element elementor-element-6ec61b0\" data-id=\"6ec61b0\" data-element_type=\"column\" data-e-type=\"column\">\n\t\t\t<div class=\"elementor-widget-wrap elementor-element-populated\">\n\t\t\t\t\t\t<div class=\"elementor-element elementor-element-5039ae0 elementor-widget elementor-widget-heading\" data-id=\"5039ae0\" data-element_type=\"widget\" data-e-type=\"widget\" data-widget_type=\"heading.default\">\n\t\t\t\t<div class=\"elementor-widget-container\">\n\t\t\t\t\t<h2 class=\"elementor-heading-title elementor-size-default\">DEPARTAMENTOS MIGUEL \u00c1NGEL DE QUEVEDO<\/h2>\t\t\t\t<\/div>\n\t\t\t\t<\/div>\n\t\t\t\t\t<\/div>\n\t\t<\/div>\n\t\t\t\t\t<\/div>\n\t\t<\/section>\n\t\t\t\t<section class=\"elementor-section elementor-top-section elementor-element elementor-element-29bdce8 elementor-section-boxed elementor-section-height-default elementor-section-height-default\" data-id=\"29bdce8\" data-element_type=\"section\" data-e-type=\"section\">\n\t\t\t\t\t\t<div class=\"elementor-container elementor-column-gap-default\">\n\t\t\t\t\t<div class=\"elementor-column elementor-col-100 elementor-top-column elementor-element elementor-element-10757ed\" data-id=\"10757ed\" data-element_type=\"column\" data-e-type=\"column\">\n\t\t\t<div class=\"elementor-widget-wrap elementor-element-populated\">\n\t\t\t\t\t\t<div class=\"elementor-element elementor-element-2176cc7 elementor-widget elementor-widget-text-editor\" data-id=\"2176cc7\" data-element_type=\"widget\" data-e-type=\"widget\" data-widget_type=\"text-editor.default\">\n\t\t\t\t<div class=\"elementor-widget-container\">\n\t\t\t\t\t\t\t\t\t<p><span style=\"font-weight: 400;\">Ubicados a 5 min de el Centro de Coyoacan , sobre Avenida principal , conjunto privado , departamentos de 1 y 2 recamaras con cocinas equipadas , 2 ba\u00f1os ,acabados de lujo , 2 lugares independientes de estacionamiento para cada departamento y port\u00f3n el\u00e9ctrico<\/span><\/p>\t\t\t\t\t\t\t\t<\/div>\n\t\t\t\t<\/div>\n\t\t\t\t\t<\/div>\n\t\t<\/div>\n\t\t\t\t\t<\/div>\n\t\t<\/section>\n\t\t\t\t<section class=\"elementor-section elementor-top-section elementor-element elementor-element-1a4ba26 elementor-section-boxed elementor-section-height-default elementor-section-height-default\" data-id=\"1a4ba26\" data-element_type=\"section\" data-e-type=\"section\">\n\t\t\t\t\t\t<div class=\"elementor-container elementor-column-gap-default\">\n\t\t\t\t\t<div class=\"elementor-column elementor-col-100 elementor-top-column elementor-element elementor-element-4e3360e\" data-id=\"4e3360e\" data-element_type=\"column\" data-e-type=\"column\">\n\t\t\t<div class=\"elementor-widget-wrap elementor-element-populated\">\n\t\t\t\t\t\t<div class=\"elementor-element elementor-element-5e50037 gallery-spacing-custom elementor-widget elementor-widget-image-gallery\" data-id=\"5e50037\" data-element_type=\"widget\" data-e-type=\"widget\" data-widget_type=\"image-gallery.default\">\n\t\t\t\t<div class=\"elementor-widget-container\">\n\t\t\t\t\t\t\t<div class=\"elementor-image-gallery\">\n\t\t\t<div id='gallery-1' class='gallery galleryid-321 gallery-columns-4 gallery-size-onepress-small'><figure class='gallery-item'>\n\t\t\t<div class='gallery-icon '>\n\t\t\t\t<a data-elementor-open-lightbox=\"yes\" data-elementor-lightbox-slideshow=\"5e50037\" data-elementor-lightbox-title=\"IMG_5109\" data-e-action-hash=\"#elementor-action%3Aaction%3Dlightbox%26settings%3DeyJpZCI6NTE3LCJ1cmwiOiJodHRwczpcL1wvZ3J1cG92YXN0dXUuY29tXC93cC1jb250ZW50XC91cGxvYWRzXC8yMDIxXC8xMFwvSU1HXzUxMDkuanBnIiwic2xpZGVzaG93IjoiNWU1MDAzNyJ9\" href='https:\/\/grupovastuu.com\/wp-content\/uploads\/2021\/10\/IMG_5109.jpg'><img decoding=\"async\" src=\"https:\/\/grupovastuu.com\/wp-content\/uploads\/2021\/10\/IMG_5109.jpg\" class=\"attachment-onepress-small size-onepress-small\" alt=\"\" \/><\/a>\n\t\t\t<\/div><\/figure><figure class='gallery-item'>\n\t\t\t<div class='gallery-icon '>\n\t\t\t\t<a data-elementor-open-lightbox=\"yes\" data-elementor-lightbox-slideshow=\"5e50037\" data-elementor-lightbox-title=\"IMG_5105\" data-e-action-hash=\"#elementor-action%3Aaction%3Dlightbox%26settings%3DeyJpZCI6NTE2LCJ1cmwiOiJodHRwczpcL1wvZ3J1cG92YXN0dXUuY29tXC93cC1jb250ZW50XC91cGxvYWRzXC8yMDIxXC8xMFwvSU1HXzUxMDUuanBnIiwic2xpZGVzaG93IjoiNWU1MDAzNyJ9\" href='https:\/\/grupovastuu.com\/wp-content\/uploads\/2021\/10\/IMG_5105.jpg'><img decoding=\"async\" src=\"https:\/\/grupovastuu.com\/wp-content\/uploads\/2021\/10\/IMG_5105.jpg\" class=\"attachment-onepress-small size-onepress-small\" alt=\"\" \/><\/a>\n\t\t\t<\/div><\/figure><figure class='gallery-item'>\n\t\t\t<div class='gallery-icon '>\n\t\t\t\t<a data-elementor-open-lightbox=\"yes\" data-elementor-lightbox-slideshow=\"5e50037\" data-elementor-lightbox-title=\"IMG_5100\" data-e-action-hash=\"#elementor-action%3Aaction%3Dlightbox%26settings%3DeyJpZCI6NTE1LCJ1cmwiOiJodHRwczpcL1wvZ3J1cG92YXN0dXUuY29tXC93cC1jb250ZW50XC91cGxvYWRzXC8yMDIxXC8xMFwvSU1HXzUxMDAuanBnIiwic2xpZGVzaG93IjoiNWU1MDAzNyJ9\" href='https:\/\/grupovastuu.com\/wp-content\/uploads\/2021\/10\/IMG_5100.jpg'><img decoding=\"async\" src=\"https:\/\/grupovastuu.com\/wp-content\/uploads\/2021\/10\/IMG_5100.jpg\" class=\"attachment-onepress-small size-onepress-small\" alt=\"\" \/><\/a>\n\t\t\t<\/div><\/figure><figure class='gallery-item'>\n\t\t\t<div class='gallery-icon '>\n\t\t\t\t<a data-elementor-open-lightbox=\"yes\" data-elementor-lightbox-slideshow=\"5e50037\" data-elementor-lightbox-title=\"IMG_5094\" data-e-action-hash=\"#elementor-action%3Aaction%3Dlightbox%26settings%3DeyJpZCI6NTE0LCJ1cmwiOiJodHRwczpcL1wvZ3J1cG92YXN0dXUuY29tXC93cC1jb250ZW50XC91cGxvYWRzXC8yMDIxXC8xMFwvSU1HXzUwOTQuanBnIiwic2xpZGVzaG93IjoiNWU1MDAzNyJ9\" href='https:\/\/grupovastuu.com\/wp-content\/uploads\/2021\/10\/IMG_5094.jpg'><img decoding=\"async\" src=\"https:\/\/grupovastuu.com\/wp-content\/uploads\/2021\/10\/IMG_5094.jpg\" class=\"attachment-onepress-small size-onepress-small\" alt=\"\" \/><\/a>\n\t\t\t<\/div><\/figure><figure class='gallery-item'>\n\t\t\t<div class='gallery-icon '>\n\t\t\t\t<a data-elementor-open-lightbox=\"yes\" data-elementor-lightbox-slideshow=\"5e50037\" data-elementor-lightbox-title=\"IMG_5090\" data-e-action-hash=\"#elementor-action%3Aaction%3Dlightbox%26settings%3DeyJpZCI6NTEzLCJ1cmwiOiJodHRwczpcL1wvZ3J1cG92YXN0dXUuY29tXC93cC1jb250ZW50XC91cGxvYWRzXC8yMDIxXC8xMFwvSU1HXzUwOTAuanBnIiwic2xpZGVzaG93IjoiNWU1MDAzNyJ9\" href='https:\/\/grupovastuu.com\/wp-content\/uploads\/2021\/10\/IMG_5090.jpg'><img decoding=\"async\" src=\"https:\/\/grupovastuu.com\/wp-content\/uploads\/2021\/10\/IMG_5090.jpg\" class=\"attachment-onepress-small size-onepress-small\" alt=\"\" \/><\/a>\n\t\t\t<\/div><\/figure><figure class='gallery-item'>\n\t\t\t<div class='gallery-icon '>\n\t\t\t\t<a data-elementor-open-lightbox=\"yes\" data-elementor-lightbox-slideshow=\"5e50037\" data-elementor-lightbox-title=\"IMG_5087\" data-e-action-hash=\"#elementor-action%3Aaction%3Dlightbox%26settings%3DeyJpZCI6NTEyLCJ1cmwiOiJodHRwczpcL1wvZ3J1cG92YXN0dXUuY29tXC93cC1jb250ZW50XC91cGxvYWRzXC8yMDIxXC8xMFwvSU1HXzUwODcuanBnIiwic2xpZGVzaG93IjoiNWU1MDAzNyJ9\" href='https:\/\/grupovastuu.com\/wp-content\/uploads\/2021\/10\/IMG_5087.jpg'><img decoding=\"async\" src=\"https:\/\/grupovastuu.com\/wp-content\/uploads\/2021\/10\/IMG_5087.jpg\" class=\"attachment-onepress-small size-onepress-small\" alt=\"\" \/><\/a>\n\t\t\t<\/div><\/figure>\n\t\t<\/div>\n\t\t<\/div>\n\t\t\t\t\t\t<\/div>\n\t\t\t\t<\/div>\n\t\t\t\t\t<\/div>\n\t\t<\/div>\n\t\t\t\t\t<\/div>\n\t\t<\/section>\n\t\t\t\t<section class=\"elementor-section elementor-top-section elementor-element elementor-element-f4ba2dd elementor-section-height-min-height elementor-section-boxed elementor-section-height-default elementor-section-items-middle\" data-id=\"f4ba2dd\" data-element_type=\"section\" data-e-type=\"section\" data-settings=\"{&quot;background_background&quot;:&quot;classic&quot;}\">\n\t\t\t\t\t\t<div class=\"elementor-container elementor-column-gap-extended\">\n\t\t\t\t\t<div class=\"elementor-column elementor-col-33 elementor-top-column elementor-element elementor-element-73e3291\" data-id=\"73e3291\" data-element_type=\"column\" data-e-type=\"column\">\n\t\t\t<div class=\"elementor-widget-wrap elementor-element-populated\">\n\t\t\t\t\t\t<div class=\"elementor-element elementor-element-164e012 elementor-widget elementor-widget-text-editor\" data-id=\"164e012\" data-element_type=\"widget\" data-e-type=\"widget\" data-widget_type=\"text-editor.default\">\n\t\t\t\t<div class=\"elementor-widget-container\">\n\t\t\t\t\t\t\t\t\t<p>OFICINA<\/p>\t\t\t\t\t\t\t\t<\/div>\n\t\t\t\t<\/div>\n\t\t\t\t<div class=\"elementor-element elementor-element-acfa3d9 elementor-widget elementor-widget-text-editor\" data-id=\"acfa3d9\" data-element_type=\"widget\" data-e-type=\"widget\" data-widget_type=\"text-editor.default\">\n\t\t\t\t<div class=\"elementor-widget-container\">\n\t\t\t\t\t\t\t\t\t<p>Tel. +52 55-23-08-19-28<\/p><p>Calz. de Tlalpan 1955. despacho 2 y 3.<\/p><p>Col. parque san Andr\u00e9s<br \/>Alcald\u00eda Coyoac\u00e1n C.P. 04040<br \/>Ciudad de M\u00e9xico<\/p>\t\t\t\t\t\t\t\t<\/div>\n\t\t\t\t<\/div>\n\t\t\t\t<div class=\"elementor-element elementor-element-21a1773 e-grid-align-left elementor-shape-rounded elementor-grid-0 elementor-widget elementor-widget-social-icons\" data-id=\"21a1773\" data-element_type=\"widget\" data-e-type=\"widget\" data-widget_type=\"social-icons.default\">\n\t\t\t\t<div class=\"elementor-widget-container\">\n\t\t\t\t\t\t\t<div class=\"elementor-social-icons-wrapper elementor-grid\" role=\"list\">\n\t\t\t\t\t\t\t<span class=\"elementor-grid-item\" role=\"listitem\">\n\t\t\t\t\t<a class=\"elementor-icon elementor-social-icon elementor-social-icon-facebook elementor-repeater-item-4cfa353\" href=\"https:\/\/www.facebook.com\/GrupoVastuu\" target=\"_blank\">\n\t\t\t\t\t\t<span class=\"elementor-screen-only\">Facebook<\/span>\n\t\t\t\t\t\t<i aria-hidden=\"true\" class=\"fab fa-facebook\"><\/i>\t\t\t\t\t<\/a>\n\t\t\t\t<\/span>\n\t\t\t\t\t\t\t<span class=\"elementor-grid-item\" role=\"listitem\">\n\t\t\t\t\t<a class=\"elementor-icon elementor-social-icon elementor-social-icon-envelope elementor-repeater-item-2d9184f\" target=\"_blank\">\n\t\t\t\t\t\t<span class=\"elementor-screen-only\">Envelope<\/span>\n\t\t\t\t\t\t<i aria-hidden=\"true\" class=\"fas fa-envelope\"><\/i>\t\t\t\t\t<\/a>\n\t\t\t\t<\/span>\n\t\t\t\t\t<\/div>\n\t\t\t\t\t\t<\/div>\n\t\t\t\t<\/div>\n\t\t\t\t\t<\/div>\n\t\t<\/div>\n\t\t\t\t<div class=\"elementor-column elementor-col-33 elementor-top-column elementor-element elementor-element-11cc533\" data-id=\"11cc533\" data-element_type=\"column\" data-e-type=\"column\">\n\t\t\t<div class=\"elementor-widget-wrap\">\n\t\t\t\t\t\t\t<\/div>\n\t\t<\/div>\n\t\t\t\t<div class=\"elementor-column elementor-col-33 elementor-top-column elementor-element elementor-element-47c830e\" data-id=\"47c830e\" data-element_type=\"column\" data-e-type=\"column\">\n\t\t\t<div class=\"elementor-widget-wrap elementor-element-populated\">\n\t\t\t\t\t\t<div class=\"elementor-element elementor-element-79032c5 elementor-widget elementor-widget-image\" data-id=\"79032c5\" data-element_type=\"widget\" data-e-type=\"widget\" data-widget_type=\"image.default\">\n\t\t\t\t<div class=\"elementor-widget-container\">\n\t\t\t\t\t\t\t\t\t\t\t\t\t\t\t<img decoding=\"async\" width=\"150\" height=\"150\" src=\"https:\/\/grupovastuu.com\/wp-content\/uploads\/2021\/10\/icono-150x150.png\" class=\"attachment-thumbnail size-thumbnail wp-image-25\" alt=\"\" srcset=\"https:\/\/grupovastuu.com\/wp-content\/uploads\/2021\/10\/icono-150x150.png 150w, https:\/\/grupovastuu.com\/wp-content\/uploads\/2021\/10\/icono-300x300.png 300w, https:\/\/grupovastuu.com\/wp-content\/uploads\/2021\/10\/icono-768x768.png 768w, https:\/\/grupovastuu.com\/wp-content\/uploads\/2021\/10\/icono.png 1000w\" sizes=\"(max-width: 150px) 100vw, 150px\" \/>\t\t\t\t\t\t\t\t\t\t\t\t\t\t\t<\/div>\n\t\t\t\t<\/div>\n\t\t\t\t\t<\/div>\n\t\t<\/div>\n\t\t\t\t\t<\/div>\n\t\t<\/section>\n\t\t\t\t<\/div>\n\t\t","protected":false},"excerpt":{"rendered":"<p>DEPARTAMENTOS MIGUEL \u00c1NGEL DE QUEVEDO Ubicados a 5 min de el Centro de Coyoacan , sobre Avenida principal , conjunto privado , departamentos de 1 y 2 recamaras con cocinas equipadas , 2 ba\u00f1os ,acabados de lujo , 2 lugares independientes de estacionamiento para cada departamento y port\u00f3n el\u00e9ctrico OFICINA Tel. +52 55-23-08-19-28 Calz. de [&hellip;]<\/p>\n","protected":false},"author":1,"featured_media":0,"parent":0,"menu_order":0,"comment_status":"closed","ping_status":"closed","template":"elementor_canvas","meta":{"footnotes":""},"class_list":["post-321","page","type-page","status-publish","hentry"],"_links":{"self":[{"href":"https:\/\/grupovastuu.com\/index.php?rest_route=\/wp\/v2\/pages\/321","targetHints":{"allow":["GET"]}}],"collection":[{"href":"https:\/\/grupovastuu.com\/index.php?rest_route=\/wp\/v2\/pages"}],"about":[{"href":"https:\/\/grupovastuu.com\/index.php?rest_route=\/wp\/v2\/types\/page"}],"author":[{"embeddable":true,"href":"https:\/\/grupovastuu.com\/index.php?rest_route=\/wp\/v2\/users\/1"}],"replies":[{"embeddable":true,"href":"https:\/\/grupovastuu.com\/index.php?rest_route=%2Fwp%2Fv2%2Fcomments&post=321"}],"version-history":[{"count":12,"href":"https:\/\/grupovastuu.com\/index.php?rest_route=\/wp\/v2\/pages\/321\/revisions"}],"predecessor-version":[{"id":1139,"href":"https:\/\/grupovastuu.com\/index.php?rest_route=\/wp\/v2\/pages\/321\/revisions\/1139"}],"wp:attachment":[{"href":"https:\/\/grupovastuu.com\/index.php?rest_route=%2Fwp%2Fv2%2Fmedia&parent=321"}],"curies":[{"name":"wp","href":"https:\/\/api.w.org\/{rel}","templated":true}]}}