{"id":446,"date":"2021-10-17T03:05:06","date_gmt":"2021-10-17T03:05:06","guid":{"rendered":"http:\/\/grupovastuu.com\/?page_id=446"},"modified":"2023-08-29T18:52:52","modified_gmt":"2023-08-29T18:52:52","slug":"habitaciones","status":"publish","type":"page","link":"https:\/\/grupovastuu.com\/?page_id=446","title":{"rendered":"HABITACIONES"},"content":{"rendered":"\t\t<div data-elementor-type=\"wp-page\" data-elementor-id=\"446\" class=\"elementor elementor-446\">\n\t\t\t\t\t\t<section class=\"elementor-section elementor-top-section elementor-element elementor-element-fdbccb1 elementor-section-height-min-height elementor-section-boxed elementor-section-height-default elementor-section-items-middle\" data-id=\"fdbccb1\" data-element_type=\"section\" data-e-type=\"section\">\n\t\t\t\t\t\t<div class=\"elementor-container elementor-column-gap-default\">\n\t\t\t\t\t<div class=\"elementor-column elementor-col-50 elementor-top-column elementor-element elementor-element-4c31667\" data-id=\"4c31667\" data-element_type=\"column\" data-e-type=\"column\">\n\t\t\t<div class=\"elementor-widget-wrap elementor-element-populated\">\n\t\t\t\t\t\t<div class=\"elementor-element elementor-element-010d156 elementor-widget elementor-widget-image\" data-id=\"010d156\" data-element_type=\"widget\" data-e-type=\"widget\" data-widget_type=\"image.default\">\n\t\t\t\t<div class=\"elementor-widget-container\">\n\t\t\t\t\t\t\t\t\t\t\t\t\t\t\t\t<a href=\"http:\/\/grupovastuu.com\">\n\t\t\t\t\t\t\t<img fetchpriority=\"high\" decoding=\"async\" width=\"580\" height=\"580\" src=\"https:\/\/grupovastuu.com\/wp-content\/uploads\/2021\/10\/GV_DORADO-2.png\" class=\"attachment-large size-large wp-image-521\" alt=\"\" srcset=\"https:\/\/grupovastuu.com\/wp-content\/uploads\/2021\/10\/GV_DORADO-2.png 800w, https:\/\/grupovastuu.com\/wp-content\/uploads\/2021\/10\/GV_DORADO-2-300x300.png 300w, https:\/\/grupovastuu.com\/wp-content\/uploads\/2021\/10\/GV_DORADO-2-150x150.png 150w, https:\/\/grupovastuu.com\/wp-content\/uploads\/2021\/10\/GV_DORADO-2-768x768.png 768w\" sizes=\"(max-width: 580px) 100vw, 580px\" \/>\t\t\t\t\t\t\t\t<\/a>\n\t\t\t\t\t\t\t\t\t\t\t\t\t\t\t<\/div>\n\t\t\t\t<\/div>\n\t\t\t\t\t<\/div>\n\t\t<\/div>\n\t\t\t\t<div class=\"elementor-column elementor-col-50 elementor-top-column elementor-element elementor-element-3115e4f\" data-id=\"3115e4f\" data-element_type=\"column\" data-e-type=\"column\">\n\t\t\t<div class=\"elementor-widget-wrap elementor-element-populated\">\n\t\t\t\t\t\t<div class=\"elementor-element elementor-element-4f31e2f elementor-nav-menu__align-justify elementor-nav-menu--dropdown-tablet elementor-nav-menu__text-align-aside elementor-nav-menu--toggle elementor-nav-menu--burger elementor-widget elementor-widget-nav-menu\" data-id=\"4f31e2f\" data-element_type=\"widget\" data-e-type=\"widget\" data-settings=\"{&quot;layout&quot;:&quot;horizontal&quot;,&quot;submenu_icon&quot;:{&quot;value&quot;:&quot;&lt;i class=\\&quot;fas fa-caret-down\\&quot;&gt;&lt;\\\/i&gt;&quot;,&quot;library&quot;:&quot;fa-solid&quot;},&quot;toggle&quot;:&quot;burger&quot;}\" data-widget_type=\"nav-menu.default\">\n\t\t\t\t<div class=\"elementor-widget-container\">\n\t\t\t\t\t\t\t\t<nav migration_allowed=\"1\" migrated=\"0\" role=\"navigation\" class=\"elementor-nav-menu--main elementor-nav-menu__container elementor-nav-menu--layout-horizontal e--pointer-underline e--animation-fade\">\n\t\t\t\t<ul id=\"menu-1-4f31e2f\" class=\"elementor-nav-menu\"><li class=\"menu-item menu-item-type-post_type menu-item-object-page menu-item-home menu-item-824\"><a href=\"https:\/\/grupovastuu.com\/\" class=\"elementor-item\">Inicio<\/a><\/li>\n<li class=\"menu-item menu-item-type-post_type menu-item-object-page menu-item-831\"><a href=\"https:\/\/grupovastuu.com\/?page_id=79\" class=\"elementor-item\">Nosotros<\/a><\/li>\n<li class=\"menu-item menu-item-type-post_type menu-item-object-page menu-item-has-children menu-item-829\"><a href=\"https:\/\/grupovastuu.com\/?page_id=97\" class=\"elementor-item\">Desarrollos<\/a>\n<ul class=\"sub-menu elementor-nav-menu--dropdown\">\n\t<li class=\"menu-item menu-item-type-post_type menu-item-object-page menu-item-825\"><a href=\"https:\/\/grupovastuu.com\/?page_id=122\" class=\"elementor-sub-item\">Casas<\/a><\/li>\n\t<li class=\"menu-item menu-item-type-post_type menu-item-object-page menu-item-828\"><a href=\"https:\/\/grupovastuu.com\/?page_id=124\" class=\"elementor-sub-item\">Departamentos<\/a><\/li>\n\t<li class=\"menu-item menu-item-type-post_type menu-item-object-page menu-item-830\"><a href=\"https:\/\/grupovastuu.com\/?page_id=446\" class=\"elementor-sub-item\">Residencias Estudiantiles<\/a><\/li>\n\t<li class=\"menu-item menu-item-type-post_type menu-item-object-page menu-item-832\"><a href=\"https:\/\/grupovastuu.com\/?page_id=126\" class=\"elementor-sub-item\">Oficinas<\/a><\/li>\n\t<li class=\"menu-item menu-item-type-post_type menu-item-object-page menu-item-1687\"><a href=\"https:\/\/grupovastuu.com\/?page_id=1661\" class=\"elementor-sub-item\">Oportunidades de Inversi\u00f3n<\/a><\/li>\n<\/ul>\n<\/li>\n<li class=\"menu-item menu-item-type-post_type menu-item-object-page menu-item-826\"><a href=\"https:\/\/grupovastuu.com\/?page_id=130\" class=\"elementor-item\">Ciudades<\/a><\/li>\n<li class=\"menu-item menu-item-type-post_type menu-item-object-page menu-item-827\"><a href=\"https:\/\/grupovastuu.com\/?page_id=132\" class=\"elementor-item\">Contacto<\/a><\/li>\n<\/ul>\t\t\t<\/nav>\n\t\t\t\t\t<div class=\"elementor-menu-toggle\" role=\"button\" tabindex=\"0\" aria-label=\"Menu Toggle\" aria-expanded=\"false\">\n\t\t\t<i aria-hidden=\"true\" role=\"presentation\" class=\"elementor-menu-toggle__icon--open eicon-menu-bar\"><\/i><i aria-hidden=\"true\" role=\"presentation\" class=\"elementor-menu-toggle__icon--close eicon-close\"><\/i>\t\t\t<span class=\"elementor-screen-only\">Menu<\/span>\n\t\t<\/div>\n\t\t\t<nav class=\"elementor-nav-menu--dropdown elementor-nav-menu__container\" role=\"navigation\" aria-hidden=\"true\">\n\t\t\t\t<ul id=\"menu-2-4f31e2f\" class=\"elementor-nav-menu\"><li class=\"menu-item menu-item-type-post_type menu-item-object-page menu-item-home menu-item-824\"><a href=\"https:\/\/grupovastuu.com\/\" class=\"elementor-item\" tabindex=\"-1\">Inicio<\/a><\/li>\n<li class=\"menu-item menu-item-type-post_type menu-item-object-page menu-item-831\"><a href=\"https:\/\/grupovastuu.com\/?page_id=79\" class=\"elementor-item\" tabindex=\"-1\">Nosotros<\/a><\/li>\n<li class=\"menu-item menu-item-type-post_type menu-item-object-page menu-item-has-children menu-item-829\"><a href=\"https:\/\/grupovastuu.com\/?page_id=97\" class=\"elementor-item\" tabindex=\"-1\">Desarrollos<\/a>\n<ul class=\"sub-menu elementor-nav-menu--dropdown\">\n\t<li class=\"menu-item menu-item-type-post_type menu-item-object-page menu-item-825\"><a href=\"https:\/\/grupovastuu.com\/?page_id=122\" class=\"elementor-sub-item\" tabindex=\"-1\">Casas<\/a><\/li>\n\t<li class=\"menu-item menu-item-type-post_type menu-item-object-page menu-item-828\"><a href=\"https:\/\/grupovastuu.com\/?page_id=124\" class=\"elementor-sub-item\" tabindex=\"-1\">Departamentos<\/a><\/li>\n\t<li class=\"menu-item menu-item-type-post_type menu-item-object-page menu-item-830\"><a href=\"https:\/\/grupovastuu.com\/?page_id=446\" class=\"elementor-sub-item\" tabindex=\"-1\">Residencias Estudiantiles<\/a><\/li>\n\t<li class=\"menu-item menu-item-type-post_type menu-item-object-page menu-item-832\"><a href=\"https:\/\/grupovastuu.com\/?page_id=126\" class=\"elementor-sub-item\" tabindex=\"-1\">Oficinas<\/a><\/li>\n\t<li class=\"menu-item menu-item-type-post_type menu-item-object-page menu-item-1687\"><a href=\"https:\/\/grupovastuu.com\/?page_id=1661\" class=\"elementor-sub-item\" tabindex=\"-1\">Oportunidades de Inversi\u00f3n<\/a><\/li>\n<\/ul>\n<\/li>\n<li class=\"menu-item menu-item-type-post_type menu-item-object-page menu-item-826\"><a href=\"https:\/\/grupovastuu.com\/?page_id=130\" class=\"elementor-item\" tabindex=\"-1\">Ciudades<\/a><\/li>\n<li class=\"menu-item menu-item-type-post_type menu-item-object-page menu-item-827\"><a href=\"https:\/\/grupovastuu.com\/?page_id=132\" class=\"elementor-item\" tabindex=\"-1\">Contacto<\/a><\/li>\n<\/ul>\t\t\t<\/nav>\n\t\t\t\t\t\t<\/div>\n\t\t\t\t<\/div>\n\t\t\t\t\t<\/div>\n\t\t<\/div>\n\t\t\t\t\t<\/div>\n\t\t<\/section>\n\t\t\t\t<section class=\"elementor-section elementor-top-section elementor-element elementor-element-0d7179b elementor-section-boxed elementor-section-height-default elementor-section-height-default\" data-id=\"0d7179b\" data-element_type=\"section\" data-e-type=\"section\" data-settings=\"{&quot;background_background&quot;:&quot;classic&quot;}\">\n\t\t\t\t\t\t<div class=\"elementor-container elementor-column-gap-default\">\n\t\t\t\t\t<div class=\"elementor-column elementor-col-100 elementor-top-column elementor-element elementor-element-81e6deb\" data-id=\"81e6deb\" data-element_type=\"column\" data-e-type=\"column\">\n\t\t\t<div class=\"elementor-widget-wrap elementor-element-populated\">\n\t\t\t\t\t\t<div class=\"elementor-element elementor-element-3771804 elementor-widget elementor-widget-heading\" data-id=\"3771804\" data-element_type=\"widget\" data-e-type=\"widget\" data-widget_type=\"heading.default\">\n\t\t\t\t<div class=\"elementor-widget-container\">\n\t\t\t\t\t<h2 class=\"elementor-heading-title elementor-size-default\">RESIDENCIAS ESTUDIANTILES<\/h2>\t\t\t\t<\/div>\n\t\t\t\t<\/div>\n\t\t\t\t\t<\/div>\n\t\t<\/div>\n\t\t\t\t\t<\/div>\n\t\t<\/section>\n\t\t\t\t<section class=\"elementor-section elementor-top-section elementor-element elementor-element-5d92b31 elementor-section-boxed elementor-section-height-default elementor-section-height-default\" data-id=\"5d92b31\" data-element_type=\"section\" data-e-type=\"section\">\n\t\t\t\t\t\t<div class=\"elementor-container elementor-column-gap-default\">\n\t\t\t\t\t<div class=\"elementor-column elementor-col-100 elementor-top-column elementor-element elementor-element-c86bbd4\" data-id=\"c86bbd4\" data-element_type=\"column\" data-e-type=\"column\">\n\t\t\t<div class=\"elementor-widget-wrap elementor-element-populated\">\n\t\t\t\t\t\t<div class=\"elementor-element elementor-element-14805f0 elementor-widget elementor-widget-text-editor\" data-id=\"14805f0\" data-element_type=\"widget\" data-e-type=\"widget\" data-widget_type=\"text-editor.default\">\n\t\t\t\t<div class=\"elementor-widget-container\">\n\t\t\t\t\t\t\t\t\t<p><span style=\"font-weight: 400;\">Habitaciones amuebladas, \u00e1rea de lavado con equipo, cocinas equipadas completamente, \u00e1reas de trabajo o estudio, lugar con seguridad las 24hrs, incluye mantenimiento y limpieza de \u00e1reas comunes.<\/span><\/p>\t\t\t\t\t\t\t\t<\/div>\n\t\t\t\t<\/div>\n\t\t\t\t\t<\/div>\n\t\t<\/div>\n\t\t\t\t\t<\/div>\n\t\t<\/section>\n\t\t\t\t<section class=\"elementor-section elementor-top-section elementor-element elementor-element-88423ad elementor-section-boxed elementor-section-height-default elementor-section-height-default\" data-id=\"88423ad\" data-element_type=\"section\" data-e-type=\"section\">\n\t\t\t\t\t\t<div class=\"elementor-container elementor-column-gap-default\">\n\t\t\t\t\t<div class=\"elementor-column elementor-col-33 elementor-top-column elementor-element elementor-element-64fad6e\" data-id=\"64fad6e\" data-element_type=\"column\" data-e-type=\"column\">\n\t\t\t<div class=\"elementor-widget-wrap elementor-element-populated\">\n\t\t\t\t\t\t<div class=\"elementor-element elementor-element-6765ecb elementor-widget elementor-widget-image\" data-id=\"6765ecb\" data-element_type=\"widget\" data-e-type=\"widget\" data-widget_type=\"image.default\">\n\t\t\t\t<div class=\"elementor-widget-container\">\n\t\t\t\t\t\t\t\t\t\t\t\t<figure class=\"wp-caption\">\n\t\t\t\t\t\t\t\t\t\t\t<a href=\"http:\/\/grupovastuu.com\/?page_id=1311\">\n\t\t\t\t\t\t\t<img decoding=\"async\" width=\"580\" height=\"485\" src=\"https:\/\/grupovastuu.com\/wp-content\/uploads\/2023\/04\/RE-1024x856.jpg\" class=\"attachment-large size-large wp-image-922\" alt=\"\" srcset=\"https:\/\/grupovastuu.com\/wp-content\/uploads\/2023\/04\/RE-1024x856.jpg 1024w, https:\/\/grupovastuu.com\/wp-content\/uploads\/2023\/04\/RE-300x251.jpg 300w, https:\/\/grupovastuu.com\/wp-content\/uploads\/2023\/04\/RE-768x642.jpg 768w, https:\/\/grupovastuu.com\/wp-content\/uploads\/2023\/04\/RE.jpg 1148w\" sizes=\"(max-width: 580px) 100vw, 580px\" \/>\t\t\t\t\t\t\t\t<\/a>\n\t\t\t\t\t\t\t\t\t\t\t<figcaption class=\"widget-image-caption wp-caption-text\">Odontolog\u00eda<\/figcaption>\n\t\t\t\t\t\t\t\t\t\t<\/figure>\n\t\t\t\t\t\t\t\t\t<\/div>\n\t\t\t\t<\/div>\n\t\t\t\t\t<\/div>\n\t\t<\/div>\n\t\t\t\t<div class=\"elementor-column elementor-col-33 elementor-top-column elementor-element elementor-element-d744143\" data-id=\"d744143\" data-element_type=\"column\" data-e-type=\"column\">\n\t\t\t<div class=\"elementor-widget-wrap elementor-element-populated\">\n\t\t\t\t\t\t<div class=\"elementor-element elementor-element-e100621 elementor-widget elementor-widget-image\" data-id=\"e100621\" data-element_type=\"widget\" data-e-type=\"widget\" data-widget_type=\"image.default\">\n\t\t\t\t<div class=\"elementor-widget-container\">\n\t\t\t\t\t\t\t\t\t\t\t\t<figure class=\"wp-caption\">\n\t\t\t\t\t\t\t\t\t\t\t<a href=\"http:\/\/grupovastuu.com\/?page_id=1272\">\n\t\t\t\t\t\t\t<img decoding=\"async\" width=\"580\" height=\"485\" src=\"https:\/\/grupovastuu.com\/wp-content\/uploads\/2023\/08\/portada-arquitectura.jpg\" class=\"attachment-large size-large wp-image-1300\" alt=\"\" srcset=\"https:\/\/grupovastuu.com\/wp-content\/uploads\/2023\/08\/portada-arquitectura.jpg 768w, https:\/\/grupovastuu.com\/wp-content\/uploads\/2023\/08\/portada-arquitectura-300x251.jpg 300w\" sizes=\"(max-width: 580px) 100vw, 580px\" \/>\t\t\t\t\t\t\t\t<\/a>\n\t\t\t\t\t\t\t\t\t\t\t<figcaption class=\"widget-image-caption wp-caption-text\">Arquitectura<\/figcaption>\n\t\t\t\t\t\t\t\t\t\t<\/figure>\n\t\t\t\t\t\t\t\t\t<\/div>\n\t\t\t\t<\/div>\n\t\t\t\t\t<\/div>\n\t\t<\/div>\n\t\t\t\t<div class=\"elementor-column elementor-col-33 elementor-top-column elementor-element elementor-element-55ab596\" data-id=\"55ab596\" data-element_type=\"column\" data-e-type=\"column\">\n\t\t\t<div class=\"elementor-widget-wrap elementor-element-populated\">\n\t\t\t\t\t\t<div class=\"elementor-element elementor-element-e2eb878 elementor-widget elementor-widget-image\" data-id=\"e2eb878\" data-element_type=\"widget\" data-e-type=\"widget\" data-widget_type=\"image.default\">\n\t\t\t\t<div class=\"elementor-widget-container\">\n\t\t\t\t\t\t\t\t\t\t\t\t<figure class=\"wp-caption\">\n\t\t\t\t\t\t\t\t\t\t\t<a href=\"http:\/\/grupovastuu.com\/?page_id=1372\">\n\t\t\t\t\t\t\t<img loading=\"lazy\" decoding=\"async\" width=\"580\" height=\"485\" src=\"https:\/\/grupovastuu.com\/wp-content\/uploads\/2023\/08\/Portada-Admin-y-Comercio.png\" class=\"attachment-large size-large wp-image-1368\" alt=\"\" srcset=\"https:\/\/grupovastuu.com\/wp-content\/uploads\/2023\/08\/Portada-Admin-y-Comercio.png 768w, https:\/\/grupovastuu.com\/wp-content\/uploads\/2023\/08\/Portada-Admin-y-Comercio-300x251.png 300w\" sizes=\"(max-width: 580px) 100vw, 580px\" \/>\t\t\t\t\t\t\t\t<\/a>\n\t\t\t\t\t\t\t\t\t\t\t<figcaption class=\"widget-image-caption wp-caption-text\">Administraci\u00f3n y Comercio<\/figcaption>\n\t\t\t\t\t\t\t\t\t\t<\/figure>\n\t\t\t\t\t\t\t\t\t<\/div>\n\t\t\t\t<\/div>\n\t\t\t\t\t<\/div>\n\t\t<\/div>\n\t\t\t\t\t<\/div>\n\t\t<\/section>\n\t\t\t\t<section class=\"elementor-section elementor-top-section elementor-element elementor-element-a7380fb elementor-section-height-min-height elementor-section-boxed elementor-section-height-default elementor-section-items-middle\" data-id=\"a7380fb\" data-element_type=\"section\" data-e-type=\"section\" data-settings=\"{&quot;background_background&quot;:&quot;classic&quot;}\">\n\t\t\t\t\t\t<div class=\"elementor-container elementor-column-gap-extended\">\n\t\t\t\t\t<div class=\"elementor-column elementor-col-33 elementor-top-column elementor-element elementor-element-f23be4b\" data-id=\"f23be4b\" data-element_type=\"column\" data-e-type=\"column\">\n\t\t\t<div class=\"elementor-widget-wrap elementor-element-populated\">\n\t\t\t\t\t\t<div class=\"elementor-element elementor-element-d124df0 elementor-widget elementor-widget-text-editor\" data-id=\"d124df0\" data-element_type=\"widget\" data-e-type=\"widget\" data-widget_type=\"text-editor.default\">\n\t\t\t\t<div class=\"elementor-widget-container\">\n\t\t\t\t\t\t\t\t\t<p>OFICINA<\/p>\t\t\t\t\t\t\t\t<\/div>\n\t\t\t\t<\/div>\n\t\t\t\t<div class=\"elementor-element elementor-element-abb8bd1 elementor-widget elementor-widget-text-editor\" data-id=\"abb8bd1\" data-element_type=\"widget\" data-e-type=\"widget\" data-widget_type=\"text-editor.default\">\n\t\t\t\t<div class=\"elementor-widget-container\">\n\t\t\t\t\t\t\t\t\t<p>Tel. +52 55-23-08-19-28<\/p><p>Calz. de Tlalpan 1955. despacho 2 y 3.<\/p><p>Col. parque san Andr\u00e9s<br \/>Alcald\u00eda Coyoac\u00e1n C.P. 04040<br \/>Ciudad de M\u00e9xico<\/p>\t\t\t\t\t\t\t\t<\/div>\n\t\t\t\t<\/div>\n\t\t\t\t<div class=\"elementor-element elementor-element-79a2de0 e-grid-align-left elementor-shape-rounded elementor-grid-0 elementor-widget elementor-widget-social-icons\" data-id=\"79a2de0\" data-element_type=\"widget\" data-e-type=\"widget\" data-widget_type=\"social-icons.default\">\n\t\t\t\t<div class=\"elementor-widget-container\">\n\t\t\t\t\t\t\t<div class=\"elementor-social-icons-wrapper elementor-grid\" role=\"list\">\n\t\t\t\t\t\t\t<span class=\"elementor-grid-item\" role=\"listitem\">\n\t\t\t\t\t<a class=\"elementor-icon elementor-social-icon elementor-social-icon-facebook elementor-repeater-item-4cfa353\" href=\"https:\/\/www.facebook.com\/GrupoVastuu\" target=\"_blank\">\n\t\t\t\t\t\t<span class=\"elementor-screen-only\">Facebook<\/span>\n\t\t\t\t\t\t<i aria-hidden=\"true\" class=\"fab fa-facebook\"><\/i>\t\t\t\t\t<\/a>\n\t\t\t\t<\/span>\n\t\t\t\t\t\t\t<span class=\"elementor-grid-item\" role=\"listitem\">\n\t\t\t\t\t<a class=\"elementor-icon elementor-social-icon elementor-social-icon-envelope elementor-repeater-item-2d9184f\" target=\"_blank\">\n\t\t\t\t\t\t<span class=\"elementor-screen-only\">Envelope<\/span>\n\t\t\t\t\t\t<i aria-hidden=\"true\" class=\"fas fa-envelope\"><\/i>\t\t\t\t\t<\/a>\n\t\t\t\t<\/span>\n\t\t\t\t\t<\/div>\n\t\t\t\t\t\t<\/div>\n\t\t\t\t<\/div>\n\t\t\t\t\t<\/div>\n\t\t<\/div>\n\t\t\t\t<div class=\"elementor-column elementor-col-33 elementor-top-column elementor-element elementor-element-8d8386b\" data-id=\"8d8386b\" data-element_type=\"column\" data-e-type=\"column\">\n\t\t\t<div class=\"elementor-widget-wrap\">\n\t\t\t\t\t\t\t<\/div>\n\t\t<\/div>\n\t\t\t\t<div class=\"elementor-column elementor-col-33 elementor-top-column elementor-element elementor-element-6d12bd3\" data-id=\"6d12bd3\" data-element_type=\"column\" data-e-type=\"column\">\n\t\t\t<div class=\"elementor-widget-wrap elementor-element-populated\">\n\t\t\t\t\t\t<div class=\"elementor-element elementor-element-8b9b78d elementor-widget elementor-widget-image\" data-id=\"8b9b78d\" data-element_type=\"widget\" data-e-type=\"widget\" data-widget_type=\"image.default\">\n\t\t\t\t<div class=\"elementor-widget-container\">\n\t\t\t\t\t\t\t\t\t\t\t\t\t\t\t<img loading=\"lazy\" decoding=\"async\" width=\"150\" height=\"150\" src=\"https:\/\/grupovastuu.com\/wp-content\/uploads\/2021\/10\/icono-150x150.png\" class=\"attachment-thumbnail size-thumbnail wp-image-25\" alt=\"\" srcset=\"https:\/\/grupovastuu.com\/wp-content\/uploads\/2021\/10\/icono-150x150.png 150w, https:\/\/grupovastuu.com\/wp-content\/uploads\/2021\/10\/icono-300x300.png 300w, https:\/\/grupovastuu.com\/wp-content\/uploads\/2021\/10\/icono-768x768.png 768w, https:\/\/grupovastuu.com\/wp-content\/uploads\/2021\/10\/icono.png 1000w\" sizes=\"(max-width: 150px) 100vw, 150px\" \/>\t\t\t\t\t\t\t\t\t\t\t\t\t\t\t<\/div>\n\t\t\t\t<\/div>\n\t\t\t\t\t<\/div>\n\t\t<\/div>\n\t\t\t\t\t<\/div>\n\t\t<\/section>\n\t\t\t\t<\/div>\n\t\t","protected":false},"excerpt":{"rendered":"<p>RESIDENCIAS ESTUDIANTILES Habitaciones amuebladas, \u00e1rea de lavado con equipo, cocinas equipadas completamente, \u00e1reas de trabajo o estudio, lugar con seguridad las 24hrs, incluye mantenimiento y limpieza de \u00e1reas comunes. Odontolog\u00eda Arquitectura Administraci\u00f3n y Comercio OFICINA Tel. +52 55-23-08-19-28 Calz. de Tlalpan 1955. despacho 2 y 3. Col. parque san Andr\u00e9sAlcald\u00eda Coyoac\u00e1n C.P. 04040Ciudad de M\u00e9xico [&hellip;]<\/p>\n","protected":false},"author":1,"featured_media":0,"parent":0,"menu_order":0,"comment_status":"closed","ping_status":"closed","template":"elementor_canvas","meta":{"footnotes":""},"class_list":["post-446","page","type-page","status-publish","hentry"],"_links":{"self":[{"href":"https:\/\/grupovastuu.com\/index.php?rest_route=\/wp\/v2\/pages\/446","targetHints":{"allow":["GET"]}}],"collection":[{"href":"https:\/\/grupovastuu.com\/index.php?rest_route=\/wp\/v2\/pages"}],"about":[{"href":"https:\/\/grupovastuu.com\/index.php?rest_route=\/wp\/v2\/types\/page"}],"author":[{"embeddable":true,"href":"https:\/\/grupovastuu.com\/index.php?rest_route=\/wp\/v2\/users\/1"}],"replies":[{"embeddable":true,"href":"https:\/\/grupovastuu.com\/index.php?rest_route=%2Fwp%2Fv2%2Fcomments&post=446"}],"version-history":[{"count":53,"href":"https:\/\/grupovastuu.com\/index.php?rest_route=\/wp\/v2\/pages\/446\/revisions"}],"predecessor-version":[{"id":1379,"href":"https:\/\/grupovastuu.com\/index.php?rest_route=\/wp\/v2\/pages\/446\/revisions\/1379"}],"wp:attachment":[{"href":"https:\/\/grupovastuu.com\/index.php?rest_route=%2Fwp%2Fv2%2Fmedia&parent=446"}],"curies":[{"name":"wp","href":"https:\/\/api.w.org\/{rel}","templated":true}]}}