{"id":697,"date":"2023-02-17T20:44:12","date_gmt":"2023-02-17T20:44:12","guid":{"rendered":"http:\/\/grupovastuu.com\/?page_id=697"},"modified":"2024-06-19T15:38:20","modified_gmt":"2024-06-19T15:38:20","slug":"inicio","status":"publish","type":"page","link":"https:\/\/grupovastuu.com\/","title":{"rendered":"Inicio"},"content":{"rendered":"\t\t<div data-elementor-type=\"wp-page\" data-elementor-id=\"697\" class=\"elementor elementor-697\">\n\t\t\t\t\t\t<section class=\"elementor-section elementor-top-section elementor-element elementor-element-141d048 elementor-section-height-min-height elementor-section-boxed elementor-section-height-default elementor-section-items-middle\" data-id=\"141d048\" data-element_type=\"section\" data-e-type=\"section\" data-settings=\"{&quot;background_background&quot;:&quot;classic&quot;}\">\n\t\t\t\t\t\t\t<div class=\"elementor-background-overlay\"><\/div>\n\t\t\t\t\t\t\t<div class=\"elementor-container elementor-column-gap-default\">\n\t\t\t\t\t<div class=\"elementor-column elementor-col-100 elementor-top-column elementor-element elementor-element-3f8eead\" data-id=\"3f8eead\" data-element_type=\"column\" data-e-type=\"column\">\n\t\t\t<div class=\"elementor-widget-wrap elementor-element-populated\">\n\t\t\t\t\t\t<div class=\"elementor-element elementor-element-c5d9c36 animated-slow elementor-invisible elementor-widget elementor-widget-image\" data-id=\"c5d9c36\" data-element_type=\"widget\" data-e-type=\"widget\" data-settings=\"{&quot;_animation&quot;:&quot;fadeInDown&quot;}\" data-widget_type=\"image.default\">\n\t\t\t\t<div class=\"elementor-widget-container\">\n\t\t\t\t\t\t\t\t\t\t\t\t\t\t\t<img fetchpriority=\"high\" decoding=\"async\" width=\"580\" height=\"433\" src=\"https:\/\/grupovastuu.com\/wp-content\/uploads\/2021\/10\/cropped-GV_DORADO-2.png\" class=\"attachment-large size-large wp-image-522\" alt=\"\" srcset=\"https:\/\/grupovastuu.com\/wp-content\/uploads\/2021\/10\/cropped-GV_DORADO-2.png 799w, https:\/\/grupovastuu.com\/wp-content\/uploads\/2021\/10\/cropped-GV_DORADO-2-300x224.png 300w, https:\/\/grupovastuu.com\/wp-content\/uploads\/2021\/10\/cropped-GV_DORADO-2-768x573.png 768w\" sizes=\"(max-width: 580px) 100vw, 580px\" \/>\t\t\t\t\t\t\t\t\t\t\t\t\t\t\t<\/div>\n\t\t\t\t<\/div>\n\t\t\t\t\t<\/div>\n\t\t<\/div>\n\t\t\t\t\t<\/div>\n\t\t<\/section>\n\t\t\t\t<section class=\"elementor-section elementor-top-section elementor-element elementor-element-3186b92 elementor-section-boxed elementor-section-height-default elementor-section-height-default\" data-id=\"3186b92\" data-element_type=\"section\" data-e-type=\"section\" data-settings=\"{&quot;background_background&quot;:&quot;classic&quot;}\">\n\t\t\t\t\t\t\t<div class=\"elementor-background-overlay\"><\/div>\n\t\t\t\t\t\t\t<div class=\"elementor-container elementor-column-gap-default\">\n\t\t\t\t\t<div class=\"elementor-column elementor-col-33 elementor-top-column elementor-element elementor-element-2802815\" data-id=\"2802815\" data-element_type=\"column\" data-e-type=\"column\">\n\t\t\t<div class=\"elementor-widget-wrap elementor-element-populated\">\n\t\t\t\t\t\t<div class=\"elementor-element elementor-element-daaa15b elementor-invisible elementor-widget elementor-widget-image\" data-id=\"daaa15b\" data-element_type=\"widget\" data-e-type=\"widget\" data-settings=\"{&quot;_animation&quot;:&quot;zoomIn&quot;}\" data-widget_type=\"image.default\">\n\t\t\t\t<div class=\"elementor-widget-container\">\n\t\t\t\t\t\t\t\t\t\t\t\t\t\t\t\t<a href=\"http:\/\/grupovastuu.com\/?page_id=783\">\n\t\t\t\t\t\t\t<img decoding=\"async\" width=\"150\" height=\"150\" src=\"https:\/\/grupovastuu.com\/wp-content\/uploads\/2023\/02\/Recurso-3-150x150.png\" class=\"elementor-animation-shrink attachment-thumbnail size-thumbnail wp-image-706\" alt=\"\" srcset=\"https:\/\/grupovastuu.com\/wp-content\/uploads\/2023\/02\/Recurso-3-150x150.png 150w, https:\/\/grupovastuu.com\/wp-content\/uploads\/2023\/02\/Recurso-3-300x300.png 300w, https:\/\/grupovastuu.com\/wp-content\/uploads\/2023\/02\/Recurso-3-1024x1024.png 1024w, https:\/\/grupovastuu.com\/wp-content\/uploads\/2023\/02\/Recurso-3-768x769.png 768w, https:\/\/grupovastuu.com\/wp-content\/uploads\/2023\/02\/Recurso-3-1200x1201.png 1200w, https:\/\/grupovastuu.com\/wp-content\/uploads\/2023\/02\/Recurso-3.png 1343w\" sizes=\"(max-width: 150px) 100vw, 150px\" \/>\t\t\t\t\t\t\t\t<\/a>\n\t\t\t\t\t\t\t\t\t\t\t\t\t\t\t<\/div>\n\t\t\t\t<\/div>\n\t\t\t\t\t<\/div>\n\t\t<\/div>\n\t\t\t\t<div class=\"elementor-column elementor-col-33 elementor-top-column elementor-element elementor-element-d23117a\" data-id=\"d23117a\" data-element_type=\"column\" data-e-type=\"column\">\n\t\t\t<div class=\"elementor-widget-wrap elementor-element-populated\">\n\t\t\t\t\t\t<div class=\"elementor-element elementor-element-16e686e animated-slow elementor-invisible elementor-widget elementor-widget-image\" data-id=\"16e686e\" data-element_type=\"widget\" data-e-type=\"widget\" data-settings=\"{&quot;_animation&quot;:&quot;zoomIn&quot;}\" data-widget_type=\"image.default\">\n\t\t\t\t<div class=\"elementor-widget-container\">\n\t\t\t\t\t\t\t\t\t\t\t\t\t\t\t\t<a href=\"http:\/\/grupovastuu.com\/?page_id=97\">\n\t\t\t\t\t\t\t<img decoding=\"async\" width=\"150\" height=\"150\" src=\"https:\/\/grupovastuu.com\/wp-content\/uploads\/2023\/02\/Recurso-4-150x150.png\" class=\"elementor-animation-shrink attachment-thumbnail size-thumbnail wp-image-707\" alt=\"\" srcset=\"https:\/\/grupovastuu.com\/wp-content\/uploads\/2023\/02\/Recurso-4-150x150.png 150w, https:\/\/grupovastuu.com\/wp-content\/uploads\/2023\/02\/Recurso-4-300x300.png 300w, https:\/\/grupovastuu.com\/wp-content\/uploads\/2023\/02\/Recurso-4-1024x1024.png 1024w, https:\/\/grupovastuu.com\/wp-content\/uploads\/2023\/02\/Recurso-4-768x769.png 768w, https:\/\/grupovastuu.com\/wp-content\/uploads\/2023\/02\/Recurso-4-1200x1201.png 1200w, https:\/\/grupovastuu.com\/wp-content\/uploads\/2023\/02\/Recurso-4.png 1343w\" sizes=\"(max-width: 150px) 100vw, 150px\" \/>\t\t\t\t\t\t\t\t<\/a>\n\t\t\t\t\t\t\t\t\t\t\t\t\t\t\t<\/div>\n\t\t\t\t<\/div>\n\t\t\t\t\t<\/div>\n\t\t<\/div>\n\t\t\t\t<div class=\"elementor-column elementor-col-33 elementor-top-column elementor-element elementor-element-d46669f\" data-id=\"d46669f\" data-element_type=\"column\" data-e-type=\"column\">\n\t\t\t<div class=\"elementor-widget-wrap elementor-element-populated\">\n\t\t\t\t\t\t<div class=\"elementor-element elementor-element-a499365 animated-slow elementor-invisible elementor-widget elementor-widget-image\" data-id=\"a499365\" data-element_type=\"widget\" data-e-type=\"widget\" data-settings=\"{&quot;_animation&quot;:&quot;zoomIn&quot;}\" data-widget_type=\"image.default\">\n\t\t\t\t<div class=\"elementor-widget-container\">\n\t\t\t\t\t\t\t\t\t\t\t\t\t\t\t\t<a href=\"https:\/\/grupovastuu.com\/?page_id=1553\">\n\t\t\t\t\t\t\t<img loading=\"lazy\" decoding=\"async\" width=\"150\" height=\"150\" src=\"https:\/\/grupovastuu.com\/wp-content\/uploads\/2024\/06\/BOTON-ADMIN-150x150.png\" class=\"elementor-animation-shrink attachment-thumbnail size-thumbnail wp-image-1552\" alt=\"\" srcset=\"https:\/\/grupovastuu.com\/wp-content\/uploads\/2024\/06\/BOTON-ADMIN-150x150.png 150w, https:\/\/grupovastuu.com\/wp-content\/uploads\/2024\/06\/BOTON-ADMIN-300x300.png 300w, https:\/\/grupovastuu.com\/wp-content\/uploads\/2024\/06\/BOTON-ADMIN-1024x1024.png 1024w, https:\/\/grupovastuu.com\/wp-content\/uploads\/2024\/06\/BOTON-ADMIN-768x769.png 768w, https:\/\/grupovastuu.com\/wp-content\/uploads\/2024\/06\/BOTON-ADMIN-1200x1201.png 1200w, https:\/\/grupovastuu.com\/wp-content\/uploads\/2024\/06\/BOTON-ADMIN.png 1343w\" sizes=\"(max-width: 150px) 100vw, 150px\" \/>\t\t\t\t\t\t\t\t<\/a>\n\t\t\t\t\t\t\t\t\t\t\t\t\t\t\t<\/div>\n\t\t\t\t<\/div>\n\t\t\t\t\t<\/div>\n\t\t<\/div>\n\t\t\t\t\t<\/div>\n\t\t<\/section>\n\t\t\t\t<section class=\"elementor-section elementor-top-section elementor-element elementor-element-91c2acb elementor-section-boxed elementor-section-height-default elementor-section-height-default\" data-id=\"91c2acb\" data-element_type=\"section\" data-e-type=\"section\" data-settings=\"{&quot;background_background&quot;:&quot;classic&quot;}\">\n\t\t\t\t\t\t\t<div class=\"elementor-background-overlay\"><\/div>\n\t\t\t\t\t\t\t<div class=\"elementor-container elementor-column-gap-default\">\n\t\t\t\t\t<div class=\"elementor-column elementor-col-100 elementor-top-column elementor-element elementor-element-3cfcf02\" data-id=\"3cfcf02\" data-element_type=\"column\" data-e-type=\"column\">\n\t\t\t<div class=\"elementor-widget-wrap elementor-element-populated\">\n\t\t\t\t\t\t<div class=\"elementor-element elementor-element-01bd0e1 elementor-widget elementor-widget-spacer\" data-id=\"01bd0e1\" data-element_type=\"widget\" data-e-type=\"widget\" data-widget_type=\"spacer.default\">\n\t\t\t\t<div class=\"elementor-widget-container\">\n\t\t\t\t\t\t\t<div class=\"elementor-spacer\">\n\t\t\t<div class=\"elementor-spacer-inner\"><\/div>\n\t\t<\/div>\n\t\t\t\t\t\t<\/div>\n\t\t\t\t<\/div>\n\t\t\t\t\t<\/div>\n\t\t<\/div>\n\t\t\t\t\t<\/div>\n\t\t<\/section>\n\t\t\t\t<section class=\"elementor-section elementor-top-section elementor-element elementor-element-be50820 elementor-section-height-min-height elementor-section-boxed elementor-section-height-default elementor-section-items-middle\" data-id=\"be50820\" data-element_type=\"section\" data-e-type=\"section\" data-settings=\"{&quot;background_background&quot;:&quot;classic&quot;}\">\n\t\t\t\t\t\t<div class=\"elementor-container elementor-column-gap-extended\">\n\t\t\t\t\t<div class=\"elementor-column elementor-col-33 elementor-top-column elementor-element elementor-element-b389485\" data-id=\"b389485\" data-element_type=\"column\" data-e-type=\"column\">\n\t\t\t<div class=\"elementor-widget-wrap elementor-element-populated\">\n\t\t\t\t\t\t<div class=\"elementor-element elementor-element-706f391 elementor-widget elementor-widget-text-editor\" data-id=\"706f391\" data-element_type=\"widget\" data-e-type=\"widget\" data-widget_type=\"text-editor.default\">\n\t\t\t\t<div class=\"elementor-widget-container\">\n\t\t\t\t\t\t\t\t\t<p>OFICINA<\/p>\t\t\t\t\t\t\t\t<\/div>\n\t\t\t\t<\/div>\n\t\t\t\t<div class=\"elementor-element elementor-element-b86210f elementor-widget elementor-widget-text-editor\" data-id=\"b86210f\" data-element_type=\"widget\" data-e-type=\"widget\" data-widget_type=\"text-editor.default\">\n\t\t\t\t<div class=\"elementor-widget-container\">\n\t\t\t\t\t\t\t\t\t<p>Tel. +52 55-23-08-19-28<\/p><p>Calz. de Tlalpan 1955. despacho 2 y 3.<\/p><p>Col. parque san Andr\u00e9s<br \/>Alcald\u00eda Coyoac\u00e1n C.P. 04040<br \/>Ciudad de M\u00e9xico<\/p>\t\t\t\t\t\t\t\t<\/div>\n\t\t\t\t<\/div>\n\t\t\t\t<div class=\"elementor-element elementor-element-5af5308 e-grid-align-left elementor-shape-rounded elementor-grid-0 elementor-widget elementor-widget-social-icons\" data-id=\"5af5308\" data-element_type=\"widget\" data-e-type=\"widget\" data-widget_type=\"social-icons.default\">\n\t\t\t\t<div class=\"elementor-widget-container\">\n\t\t\t\t\t\t\t<div class=\"elementor-social-icons-wrapper elementor-grid\" role=\"list\">\n\t\t\t\t\t\t\t<span class=\"elementor-grid-item\" role=\"listitem\">\n\t\t\t\t\t<a class=\"elementor-icon elementor-social-icon elementor-social-icon-facebook elementor-repeater-item-4cfa353\" href=\"https:\/\/www.facebook.com\/GrupoVastuu\" target=\"_blank\">\n\t\t\t\t\t\t<span class=\"elementor-screen-only\">Facebook<\/span>\n\t\t\t\t\t\t<i aria-hidden=\"true\" class=\"fab fa-facebook\"><\/i>\t\t\t\t\t<\/a>\n\t\t\t\t<\/span>\n\t\t\t\t\t\t\t<span class=\"elementor-grid-item\" role=\"listitem\">\n\t\t\t\t\t<a class=\"elementor-icon elementor-social-icon elementor-social-icon-envelope elementor-repeater-item-2d9184f\" target=\"_blank\">\n\t\t\t\t\t\t<span class=\"elementor-screen-only\">Envelope<\/span>\n\t\t\t\t\t\t<i aria-hidden=\"true\" class=\"fas fa-envelope\"><\/i>\t\t\t\t\t<\/a>\n\t\t\t\t<\/span>\n\t\t\t\t\t<\/div>\n\t\t\t\t\t\t<\/div>\n\t\t\t\t<\/div>\n\t\t\t\t\t<\/div>\n\t\t<\/div>\n\t\t\t\t<div class=\"elementor-column elementor-col-33 elementor-top-column elementor-element elementor-element-5b8bc03\" data-id=\"5b8bc03\" data-element_type=\"column\" data-e-type=\"column\">\n\t\t\t<div class=\"elementor-widget-wrap\">\n\t\t\t\t\t\t\t<\/div>\n\t\t<\/div>\n\t\t\t\t<div class=\"elementor-column elementor-col-33 elementor-top-column elementor-element elementor-element-d677846\" data-id=\"d677846\" data-element_type=\"column\" data-e-type=\"column\">\n\t\t\t<div class=\"elementor-widget-wrap elementor-element-populated\">\n\t\t\t\t\t\t<div class=\"elementor-element elementor-element-4fbd9d8 elementor-widget elementor-widget-image\" data-id=\"4fbd9d8\" data-element_type=\"widget\" data-e-type=\"widget\" data-widget_type=\"image.default\">\n\t\t\t\t<div class=\"elementor-widget-container\">\n\t\t\t\t\t\t\t\t\t\t\t\t\t\t\t<img loading=\"lazy\" decoding=\"async\" width=\"150\" height=\"150\" src=\"https:\/\/grupovastuu.com\/wp-content\/uploads\/2021\/10\/icono-150x150.png\" class=\"attachment-thumbnail size-thumbnail wp-image-25\" alt=\"\" srcset=\"https:\/\/grupovastuu.com\/wp-content\/uploads\/2021\/10\/icono-150x150.png 150w, https:\/\/grupovastuu.com\/wp-content\/uploads\/2021\/10\/icono-300x300.png 300w, https:\/\/grupovastuu.com\/wp-content\/uploads\/2021\/10\/icono-768x768.png 768w, https:\/\/grupovastuu.com\/wp-content\/uploads\/2021\/10\/icono.png 1000w\" sizes=\"(max-width: 150px) 100vw, 150px\" \/>\t\t\t\t\t\t\t\t\t\t\t\t\t\t\t<\/div>\n\t\t\t\t<\/div>\n\t\t\t\t\t<\/div>\n\t\t<\/div>\n\t\t\t\t\t<\/div>\n\t\t<\/section>\n\t\t\t\t<\/div>\n\t\t","protected":false},"excerpt":{"rendered":"<p>OFICINA Tel. +52 55-23-08-19-28 Calz. de Tlalpan 1955. despacho 2 y 3. Col. parque san Andr\u00e9sAlcald\u00eda Coyoac\u00e1n C.P. 04040Ciudad de M\u00e9xico Facebook Envelope<\/p>\n","protected":false},"author":1,"featured_media":0,"parent":0,"menu_order":0,"comment_status":"closed","ping_status":"closed","template":"elementor_canvas","meta":{"footnotes":""},"class_list":["post-697","page","type-page","status-publish","hentry"],"_links":{"self":[{"href":"https:\/\/grupovastuu.com\/index.php?rest_route=\/wp\/v2\/pages\/697","targetHints":{"allow":["GET"]}}],"collection":[{"href":"https:\/\/grupovastuu.com\/index.php?rest_route=\/wp\/v2\/pages"}],"about":[{"href":"https:\/\/grupovastuu.com\/index.php?rest_route=\/wp\/v2\/types\/page"}],"author":[{"embeddable":true,"href":"https:\/\/grupovastuu.com\/index.php?rest_route=\/wp\/v2\/users\/1"}],"replies":[{"embeddable":true,"href":"https:\/\/grupovastuu.com\/index.php?rest_route=%2Fwp%2Fv2%2Fcomments&post=697"}],"version-history":[{"count":100,"href":"https:\/\/grupovastuu.com\/index.php?rest_route=\/wp\/v2\/pages\/697\/revisions"}],"predecessor-version":[{"id":1578,"href":"https:\/\/grupovastuu.com\/index.php?rest_route=\/wp\/v2\/pages\/697\/revisions\/1578"}],"wp:attachment":[{"href":"https:\/\/grupovastuu.com\/index.php?rest_route=%2Fwp%2Fv2%2Fmedia&parent=697"}],"curies":[{"name":"wp","href":"https:\/\/api.w.org\/{rel}","templated":true}]}}